{"id":1635,"date":"2023-10-23T14:08:29","date_gmt":"2023-10-23T12:08:29","guid":{"rendered":"https:\/\/yogalarcmiraculeux.com\/?page_id=1635"},"modified":"2025-11-20T14:34:31","modified_gmt":"2025-11-20T13:34:31","slug":"lenseignante-de-yoga-anime-par-guillemette-kundalini-yoga-yoga-sur-chaise-breathwalk-yoga-nidra","status":"publish","type":"page","link":"https:\/\/yogavilla.fr\/index.php\/lenseignante-de-yoga-anime-par-guillemette-kundalini-yoga-yoga-sur-chaise-breathwalk-yoga-nidra\/","title":{"rendered":"Qui suis-je ?"},"content":{"rendered":"<div class=\"wp-block-image\">\n<figure class=\"aligncenter size-full is-resized\"><img loading=\"lazy\" decoding=\"async\" width=\"940\" height=\"788\" src=\"https:\/\/yogavilla.fr\/wp-content\/uploads\/2025\/08\/portrait-GP-1.png\" alt=\"\" class=\"wp-image-2564\" style=\"width:663px;height:auto\" srcset=\"https:\/\/yogavilla.fr\/wp-content\/uploads\/2025\/08\/portrait-GP-1.png 940w, https:\/\/yogavilla.fr\/wp-content\/uploads\/2025\/08\/portrait-GP-1-300x251.png 300w, https:\/\/yogavilla.fr\/wp-content\/uploads\/2025\/08\/portrait-GP-1-768x644.png 768w\" sizes=\"auto, (max-width: 940px) 100vw, 940px\" \/><\/figure>\n<\/div>\n\n\n<p><\/p>\n\n\n\n<p>Je suis, Guillemette, professeure de Kundalini, certifi\u00e9 niveau 1 et en formation de niveau 2.<\/p>\n\n\n\n<p>J&rsquo;accompagne tous les \u00e2ges, dans la pratique de Kundalini Yoga \u00e0 travers des postures, des respirations, des vibrations sonores, la relaxation et la m\u00e9ditation. Je reste \u00e0 votre disposition, pour des s\u00e9ances ou que vous soyez en pr\u00e9sence et en ligne depuis chez vous.<\/p>\n\n\n\n<h3 class=\"wp-block-heading\"><strong>Mon chemin vers le Kundalini Yoga<\/strong><\/h3>\n\n\n\n<p>N\u00e9e en 1969 avec quinze jours de retard, ce d\u00e9calage m\u2019a longtemps poursuivie. Il provoquait en moi un stress constant, comme si c&rsquo;\u00e9tait le moteur de ma vie \u2014 une norme silencieuse que je ne questionnais pas.<\/p>\n\n\n\n<p>Apr\u00e8s avoir explor\u00e9 diff\u00e9rents types de yoga, c\u2019est en 2008 que ma rencontre avec le Kundalini Yoga m\u2019a profond\u00e9ment interpell\u00e9e. Cette pratique, \u00e0 la fois puissante et subtile, m\u2019a permis de ressentir les choses avec plus de conscience. Elle a ouvert en moi un chemin vers une compr\u00e9hension plus authentique de qui je suis.<\/p>\n\n\n\n<hr class=\"wp-block-separator has-alpha-channel-opacity\"\/>\n\n\n\n<h3 class=\"wp-block-heading\"><strong>Retrouver l\u2019\u00e9quilibre gr\u00e2ce au Kundalini Yoga<\/strong><\/h3>\n\n\n\n<p>Pendant longtemps, j\u2019ai v\u00e9cu avec des habitudes qui me tiraient vers le bas \u2014 des comportements compulsifs, des addictions subtiles, des sch\u00e9mas r\u00e9p\u00e9titifs qui m\u2019\u00e9loignaient de moi-m\u00eame et des autres. Je ne savais pas encore que le changement pouvait venir de l\u2019int\u00e9rieur, ni que le souffle, le mouvement et le son pouvaient \u00eatre des cl\u00e9s de transformation.<\/p>\n\n\n\n<p>C\u2019est \u00e0 travers le Kundalini Yoga que j\u2019ai commenc\u00e9 \u00e0 me reconnecter. Cette pratique, \u00e0 la fois puissante et douce, m\u2019a offert un espace pour me lib\u00e9rer, pour respirer, pour ressentir. Les kriyas, les m\u00e9ditations, les mantras\u2026 chaque s\u00e9ance devenait une exploration, une rencontre avec mes \u00e9motions, mes r\u00e9sistances, pour trouver une plus grande force int\u00e9rieure.<\/p>\n\n\n\n<hr class=\"wp-block-separator has-alpha-channel-opacity\"\/>\n\n\n\n<h3 class=\"wp-block-heading\"><strong>De la pratique \u00e0 l\u2019enseignement<\/strong><\/h3>\n\n\n\n<p>En 2018, j\u2019ai choisi d\u2019approfondir cette voie en me formant \u00e0 l\u2019enseignement du Kundalini Yoga. Cela s\u2019est fait naturellement, comme une \u00e9vidence. Car comme le dit si bien cette citation :<\/p>\n\n\n\n<blockquote class=\"wp-block-quote is-layout-flow wp-block-quote-is-layout-flow\">\n<p><strong>\u00ab Si vous voulez apprendre quelque chose, lisez-la.<br>Si vous voulez savoir quelque chose, \u00e9crivez-la.<br>Si vous voulez ma\u00eetriser quelque chose, enseignez-la. \u00bb<\/strong><\/p>\n<\/blockquote>\n\n\n\n<hr class=\"wp-block-separator has-alpha-channel-opacity\"\/>\n\n\n\n<h3 class=\"wp-block-heading\"><strong>Accompagnement et cours<\/strong><\/h3>\n\n\n\n<p>Aujourd\u2019hui, je propose des&nbsp;<strong>cours collectifs<\/strong> de Kundalini Yoga, ou de <strong>Yoga tout en douceur sur chaise<\/strong>,&nbsp;ainsi que des&nbsp;<strong>s\u00e9ances sur mesure<\/strong>, dans une ambiance bienveillante et respectueuse du rythme de chacun.<\/p>\n\n\n\n<hr class=\"wp-block-separator has-alpha-channel-opacity\"\/>\n\n\n\n<h3 class=\"wp-block-heading\"><strong>Les bienfaits d\u2019une pratique r\u00e9guli\u00e8re<\/strong><\/h3>\n\n\n\n<p>La pratique r\u00e9guli\u00e8re du Kundalini Yoga induit un v\u00e9ritable changement, \u00e0 la fois&nbsp;<strong>physique et psychique<\/strong>. Les troubles \u00e9motionnels s\u2019apaisent, laissant place \u00e0 une conscience plus claire. C\u2019est une voie vers la reconnexion \u00e0 soi, pour&nbsp;<strong>trouver son v\u00e9ritable chemin de vie<\/strong>.<\/p>\n\n\n\n<h4 class=\"wp-block-heading\">Ma formation<\/h4>\n\n\n\n<p>En 2018, je prend le chemin de la formation, d&rsquo;enseignante.&nbsp;Je suis form\u00e9e par <a href=\"http:\/\/www.dharamsal.fr\/enseignants_kundalini_yoga_toulouse.htm\">Ram Singh<\/a> puis certifi\u00e9e par la <a href=\"https:\/\/ffky.fr\/devenir-professeur-de-kundalini-yoga\/\">FFKY<\/a> (F\u00e9d\u00e9ration fran\u00e7aise de Kundalini Yoga). Dipl\u00f4m\u00e9e <a href=\"https:\/\/kundaliniresearchinstitute.org\">KRI<\/a> (Kundalini Research Institute). Cet institut a pour mission de recueillir et de diffuser au niveau mondial les enseignements de Kundalini Yoga.<\/p>\n\n\n\n<hr class=\"wp-block-separator has-alpha-channel-opacity is-style-wide\"\/>\n\n\n\n<p>Certifi\u00e9e de formation en yoga sur chaise, tout en douceur, pour personnes s\u00e9niors en Ehpad et pour des personnes \u00e0 mobilit\u00e9 r\u00e9duite.<\/p>\n\n\n\n<hr class=\"wp-block-separator has-alpha-channel-opacity is-style-wide\"\/>\n\n\n\n<p>Je peux aussi vous accompagner sur le chemin de la marche silencieuse et consciente. Form\u00e9e par l&rsquo;\u00e9cole francophone de <a href=\"https:\/\/www.kundalinimatashakti.fr\/formations-breathwalk-1\">Breathwalk<\/a> .<\/p>\n\n\n\n<hr class=\"wp-block-separator has-alpha-channel-opacity is-style-wide\"\/>\n\n\n\n<p>En 2021 j\u2019int\u00e8gre le programme \u00ab\u00a0<a href=\"http:\/\/www.beyondaddiction.ca\">Beyond Addiction<\/a>\u00a0\u00bb avec sa fondatrice canadienne, <a href=\"https:\/\/satdharamkaur.com\">Sat Dharam Kaur<\/a> : Gestion des \u00e9motions, des d\u00e9pendances, des phobies et du stress. Un programme complet sur l&rsquo;exploration de soi. Apr\u00e8s avoir suivi, je participe \u00e0 l&rsquo;organisation de ce programme,  afin de le partager au plus grand nombre.&nbsp;<\/p>\n\n\n\n<hr class=\"wp-block-separator has-alpha-channel-opacity is-style-wide\"\/>\n\n\n\n<p>En 2023, je d\u00e9couvre le yoga Nidra et ses bienfaits sur le sommeil, pour moi et pour le partage de cette pratique.<\/p>\n\n\n\n<p><\/p>\n","protected":false},"excerpt":{"rendered":"<p>Je suis, Guillemette, professeure de Kundalini, certifi\u00e9 niveau 1 et en formation de niveau 2. J&rsquo;accompagne tous les \u00e2ges, dans la pratique de Kundalini Yoga \u00e0 travers des postures, des respirations, des vibrations sonores, la relaxation et la m\u00e9ditation. Je reste \u00e0 votre disposition, pour des s\u00e9ances ou que vous soyez en pr\u00e9sence et en &hellip; <a href=\"https:\/\/yogavilla.fr\/index.php\/lenseignante-de-yoga-anime-par-guillemette-kundalini-yoga-yoga-sur-chaise-breathwalk-yoga-nidra\/\" class=\"more-link\">Continuer la lecture de <span class=\"screen-reader-text\">Qui suis-je ?<\/span><\/a><\/p>\n","protected":false},"author":1,"featured_media":0,"parent":0,"menu_order":4,"comment_status":"closed","ping_status":"closed","template":"","meta":{"two_page_speed":[],"footnotes":""},"class_list":["post-1635","page","type-page","status-publish","hentry"],"yoast_head":"<!-- This site is optimized with the Yoast SEO plugin v27.3 - https:\/\/yoast.com\/product\/yoast-seo-wordpress\/ -->\n<title>Qui suis-je ? - YOGA VILLA<\/title>\n<meta name=\"description\" content=\"L&#039;enseignante chez Yoga Villa, vous r\u00e9serve un chaleureux accueil dans un espace intimiste. des cours de Yoga Kundalini et Yoga s\u00e9nior\" \/>\n<meta name=\"robots\" content=\"index, follow, max-snippet:-1, max-image-preview:large, max-video-preview:-1\" \/>\n<link rel=\"canonical\" href=\"https:\/\/yogavilla.fr\/index.php\/lenseignante-de-yoga-anime-par-guillemette-kundalini-yoga-yoga-sur-chaise-breathwalk-yoga-nidra\/\" \/>\n<meta property=\"og:locale\" content=\"fr_FR\" \/>\n<meta property=\"og:type\" content=\"article\" \/>\n<meta property=\"og:title\" content=\"Qui suis-je ? - YOGA VILLA\" \/>\n<meta property=\"og:description\" content=\"L&#039;enseignante chez Yoga Villa, vous r\u00e9serve un chaleureux accueil dans un espace intimiste. des cours de Yoga Kundalini et Yoga s\u00e9nior\" \/>\n<meta property=\"og:url\" content=\"https:\/\/yogavilla.fr\/index.php\/lenseignante-de-yoga-anime-par-guillemette-kundalini-yoga-yoga-sur-chaise-breathwalk-yoga-nidra\/\" \/>\n<meta property=\"og:site_name\" content=\"YOGA VILLA\" \/>\n<meta property=\"article:publisher\" content=\"https:\/\/www.facebook.com\/YogalArcMiraculeux\/\" \/>\n<meta property=\"article:modified_time\" content=\"2025-11-20T13:34:31+00:00\" \/>\n<meta property=\"og:image\" content=\"https:\/\/yogavilla.fr\/wp-content\/uploads\/2025\/08\/portrait-GP-1.png\" \/>\n<meta name=\"twitter:card\" content=\"summary_large_image\" \/>\n<meta name=\"twitter:site\" content=\"@POUGAULT2\" \/>\n<meta name=\"twitter:label1\" content=\"Dur\u00e9e de lecture estim\u00e9e\" \/>\n\t<meta name=\"twitter:data1\" content=\"4 minutes\" \/>\n<script type=\"application\/ld+json\" class=\"yoast-schema-graph\">{\"@context\":\"https:\\\/\\\/schema.org\",\"@graph\":[{\"@type\":\"WebPage\",\"@id\":\"https:\\\/\\\/yogavilla.fr\\\/index.php\\\/lenseignante-de-yoga-anime-par-guillemette-kundalini-yoga-yoga-sur-chaise-breathwalk-yoga-nidra\\\/\",\"url\":\"https:\\\/\\\/yogavilla.fr\\\/index.php\\\/lenseignante-de-yoga-anime-par-guillemette-kundalini-yoga-yoga-sur-chaise-breathwalk-yoga-nidra\\\/\",\"name\":\"Qui suis-je ? - YOGA VILLA\",\"isPartOf\":{\"@id\":\"https:\\\/\\\/yogavilla.fr\\\/#website\"},\"primaryImageOfPage\":{\"@id\":\"https:\\\/\\\/yogavilla.fr\\\/index.php\\\/lenseignante-de-yoga-anime-par-guillemette-kundalini-yoga-yoga-sur-chaise-breathwalk-yoga-nidra\\\/#primaryimage\"},\"image\":{\"@id\":\"https:\\\/\\\/yogavilla.fr\\\/index.php\\\/lenseignante-de-yoga-anime-par-guillemette-kundalini-yoga-yoga-sur-chaise-breathwalk-yoga-nidra\\\/#primaryimage\"},\"thumbnailUrl\":\"https:\\\/\\\/yogavilla.fr\\\/wp-content\\\/uploads\\\/2025\\\/08\\\/portrait-GP-1.png\",\"datePublished\":\"2023-10-23T12:08:29+00:00\",\"dateModified\":\"2025-11-20T13:34:31+00:00\",\"description\":\"L'enseignante chez Yoga Villa, vous r\u00e9serve un chaleureux accueil dans un espace intimiste. des cours de Yoga Kundalini et Yoga s\u00e9nior\",\"breadcrumb\":{\"@id\":\"https:\\\/\\\/yogavilla.fr\\\/index.php\\\/lenseignante-de-yoga-anime-par-guillemette-kundalini-yoga-yoga-sur-chaise-breathwalk-yoga-nidra\\\/#breadcrumb\"},\"inLanguage\":\"fr-FR\",\"potentialAction\":[{\"@type\":\"ReadAction\",\"target\":[\"https:\\\/\\\/yogavilla.fr\\\/index.php\\\/lenseignante-de-yoga-anime-par-guillemette-kundalini-yoga-yoga-sur-chaise-breathwalk-yoga-nidra\\\/\"]}]},{\"@type\":\"ImageObject\",\"inLanguage\":\"fr-FR\",\"@id\":\"https:\\\/\\\/yogavilla.fr\\\/index.php\\\/lenseignante-de-yoga-anime-par-guillemette-kundalini-yoga-yoga-sur-chaise-breathwalk-yoga-nidra\\\/#primaryimage\",\"url\":\"https:\\\/\\\/yogavilla.fr\\\/wp-content\\\/uploads\\\/2025\\\/08\\\/portrait-GP-1.png\",\"contentUrl\":\"https:\\\/\\\/yogavilla.fr\\\/wp-content\\\/uploads\\\/2025\\\/08\\\/portrait-GP-1.png\",\"width\":940,\"height\":788},{\"@type\":\"BreadcrumbList\",\"@id\":\"https:\\\/\\\/yogavilla.fr\\\/index.php\\\/lenseignante-de-yoga-anime-par-guillemette-kundalini-yoga-yoga-sur-chaise-breathwalk-yoga-nidra\\\/#breadcrumb\",\"itemListElement\":[{\"@type\":\"ListItem\",\"position\":1,\"name\":\"Accueil\",\"item\":\"https:\\\/\\\/yogavilla.fr\\\/\"},{\"@type\":\"ListItem\",\"position\":2,\"name\":\"Qui suis-je ?\"}]},{\"@type\":\"WebSite\",\"@id\":\"https:\\\/\\\/yogavilla.fr\\\/#website\",\"url\":\"https:\\\/\\\/yogavilla.fr\\\/\",\"name\":\"yogavilla.fr\",\"description\":\"Donner du pouvoir \u00e0 sa vie\",\"publisher\":{\"@id\":\"https:\\\/\\\/yogavilla.fr\\\/#organization\"},\"potentialAction\":[{\"@type\":\"SearchAction\",\"target\":{\"@type\":\"EntryPoint\",\"urlTemplate\":\"https:\\\/\\\/yogavilla.fr\\\/?s={search_term_string}\"},\"query-input\":{\"@type\":\"PropertyValueSpecification\",\"valueRequired\":true,\"valueName\":\"search_term_string\"}}],\"inLanguage\":\"fr-FR\"},{\"@type\":\"Organization\",\"@id\":\"https:\\\/\\\/yogavilla.fr\\\/#organization\",\"name\":\"YOGA VILLA\",\"alternateName\":\"L'Arc Miraculeux\",\"url\":\"https:\\\/\\\/yogavilla.fr\\\/\",\"logo\":{\"@type\":\"ImageObject\",\"inLanguage\":\"fr-FR\",\"@id\":\"https:\\\/\\\/yogavilla.fr\\\/#\\\/schema\\\/logo\\\/image\\\/\",\"url\":\"https:\\\/\\\/yogavilla.fr\\\/wp-content\\\/uploads\\\/2025\\\/07\\\/cropped-5-1.png\",\"contentUrl\":\"https:\\\/\\\/yogavilla.fr\\\/wp-content\\\/uploads\\\/2025\\\/07\\\/cropped-5-1.png\",\"width\":248,\"height\":248,\"caption\":\"YOGA VILLA\"},\"image\":{\"@id\":\"https:\\\/\\\/yogavilla.fr\\\/#\\\/schema\\\/logo\\\/image\\\/\"},\"sameAs\":[\"https:\\\/\\\/www.facebook.com\\\/YogalArcMiraculeux\\\/\",\"https:\\\/\\\/x.com\\\/POUGAULT2\",\"https:\\\/\\\/www.instagram.com\\\/yogavilla33\\\/?hl=fr\",\"https:\\\/\\\/www.linkedin.com\\\/company\\\/yoga-villa-33\\\/\",\"https:\\\/\\\/fr.nextdoor.com\\\/business-profile\\\/preview\\\/?init_source=profile_switcher&active_page_id=17592218467546&profile_id=17592206743048\"]}]}<\/script>\n<!-- \/ Yoast SEO plugin. -->","yoast_head_json":{"title":"Qui suis-je ? - YOGA VILLA","description":"L'enseignante chez Yoga Villa, vous r\u00e9serve un chaleureux accueil dans un espace intimiste. des cours de Yoga Kundalini et Yoga s\u00e9nior","robots":{"index":"index","follow":"follow","max-snippet":"max-snippet:-1","max-image-preview":"max-image-preview:large","max-video-preview":"max-video-preview:-1"},"canonical":"https:\/\/yogavilla.fr\/index.php\/lenseignante-de-yoga-anime-par-guillemette-kundalini-yoga-yoga-sur-chaise-breathwalk-yoga-nidra\/","og_locale":"fr_FR","og_type":"article","og_title":"Qui suis-je ? - YOGA VILLA","og_description":"L'enseignante chez Yoga Villa, vous r\u00e9serve un chaleureux accueil dans un espace intimiste. des cours de Yoga Kundalini et Yoga s\u00e9nior","og_url":"https:\/\/yogavilla.fr\/index.php\/lenseignante-de-yoga-anime-par-guillemette-kundalini-yoga-yoga-sur-chaise-breathwalk-yoga-nidra\/","og_site_name":"YOGA VILLA","article_publisher":"https:\/\/www.facebook.com\/YogalArcMiraculeux\/","article_modified_time":"2025-11-20T13:34:31+00:00","og_image":[{"url":"https:\/\/yogavilla.fr\/wp-content\/uploads\/2025\/08\/portrait-GP-1.png","type":"","width":"","height":""}],"twitter_card":"summary_large_image","twitter_site":"@POUGAULT2","twitter_misc":{"Dur\u00e9e de lecture estim\u00e9e":"4 minutes"},"schema":{"@context":"https:\/\/schema.org","@graph":[{"@type":"WebPage","@id":"https:\/\/yogavilla.fr\/index.php\/lenseignante-de-yoga-anime-par-guillemette-kundalini-yoga-yoga-sur-chaise-breathwalk-yoga-nidra\/","url":"https:\/\/yogavilla.fr\/index.php\/lenseignante-de-yoga-anime-par-guillemette-kundalini-yoga-yoga-sur-chaise-breathwalk-yoga-nidra\/","name":"Qui suis-je ? - YOGA VILLA","isPartOf":{"@id":"https:\/\/yogavilla.fr\/#website"},"primaryImageOfPage":{"@id":"https:\/\/yogavilla.fr\/index.php\/lenseignante-de-yoga-anime-par-guillemette-kundalini-yoga-yoga-sur-chaise-breathwalk-yoga-nidra\/#primaryimage"},"image":{"@id":"https:\/\/yogavilla.fr\/index.php\/lenseignante-de-yoga-anime-par-guillemette-kundalini-yoga-yoga-sur-chaise-breathwalk-yoga-nidra\/#primaryimage"},"thumbnailUrl":"https:\/\/yogavilla.fr\/wp-content\/uploads\/2025\/08\/portrait-GP-1.png","datePublished":"2023-10-23T12:08:29+00:00","dateModified":"2025-11-20T13:34:31+00:00","description":"L'enseignante chez Yoga Villa, vous r\u00e9serve un chaleureux accueil dans un espace intimiste. des cours de Yoga Kundalini et Yoga s\u00e9nior","breadcrumb":{"@id":"https:\/\/yogavilla.fr\/index.php\/lenseignante-de-yoga-anime-par-guillemette-kundalini-yoga-yoga-sur-chaise-breathwalk-yoga-nidra\/#breadcrumb"},"inLanguage":"fr-FR","potentialAction":[{"@type":"ReadAction","target":["https:\/\/yogavilla.fr\/index.php\/lenseignante-de-yoga-anime-par-guillemette-kundalini-yoga-yoga-sur-chaise-breathwalk-yoga-nidra\/"]}]},{"@type":"ImageObject","inLanguage":"fr-FR","@id":"https:\/\/yogavilla.fr\/index.php\/lenseignante-de-yoga-anime-par-guillemette-kundalini-yoga-yoga-sur-chaise-breathwalk-yoga-nidra\/#primaryimage","url":"https:\/\/yogavilla.fr\/wp-content\/uploads\/2025\/08\/portrait-GP-1.png","contentUrl":"https:\/\/yogavilla.fr\/wp-content\/uploads\/2025\/08\/portrait-GP-1.png","width":940,"height":788},{"@type":"BreadcrumbList","@id":"https:\/\/yogavilla.fr\/index.php\/lenseignante-de-yoga-anime-par-guillemette-kundalini-yoga-yoga-sur-chaise-breathwalk-yoga-nidra\/#breadcrumb","itemListElement":[{"@type":"ListItem","position":1,"name":"Accueil","item":"https:\/\/yogavilla.fr\/"},{"@type":"ListItem","position":2,"name":"Qui suis-je ?"}]},{"@type":"WebSite","@id":"https:\/\/yogavilla.fr\/#website","url":"https:\/\/yogavilla.fr\/","name":"yogavilla.fr","description":"Donner du pouvoir \u00e0 sa vie","publisher":{"@id":"https:\/\/yogavilla.fr\/#organization"},"potentialAction":[{"@type":"SearchAction","target":{"@type":"EntryPoint","urlTemplate":"https:\/\/yogavilla.fr\/?s={search_term_string}"},"query-input":{"@type":"PropertyValueSpecification","valueRequired":true,"valueName":"search_term_string"}}],"inLanguage":"fr-FR"},{"@type":"Organization","@id":"https:\/\/yogavilla.fr\/#organization","name":"YOGA VILLA","alternateName":"L'Arc Miraculeux","url":"https:\/\/yogavilla.fr\/","logo":{"@type":"ImageObject","inLanguage":"fr-FR","@id":"https:\/\/yogavilla.fr\/#\/schema\/logo\/image\/","url":"https:\/\/yogavilla.fr\/wp-content\/uploads\/2025\/07\/cropped-5-1.png","contentUrl":"https:\/\/yogavilla.fr\/wp-content\/uploads\/2025\/07\/cropped-5-1.png","width":248,"height":248,"caption":"YOGA VILLA"},"image":{"@id":"https:\/\/yogavilla.fr\/#\/schema\/logo\/image\/"},"sameAs":["https:\/\/www.facebook.com\/YogalArcMiraculeux\/","https:\/\/x.com\/POUGAULT2","https:\/\/www.instagram.com\/yogavilla33\/?hl=fr","https:\/\/www.linkedin.com\/company\/yoga-villa-33\/","https:\/\/fr.nextdoor.com\/business-profile\/preview\/?init_source=profile_switcher&active_page_id=17592218467546&profile_id=17592206743048"]}]}},"_links":{"self":[{"href":"https:\/\/yogavilla.fr\/index.php\/wp-json\/wp\/v2\/pages\/1635","targetHints":{"allow":["GET"]}}],"collection":[{"href":"https:\/\/yogavilla.fr\/index.php\/wp-json\/wp\/v2\/pages"}],"about":[{"href":"https:\/\/yogavilla.fr\/index.php\/wp-json\/wp\/v2\/types\/page"}],"author":[{"embeddable":true,"href":"https:\/\/yogavilla.fr\/index.php\/wp-json\/wp\/v2\/users\/1"}],"replies":[{"embeddable":true,"href":"https:\/\/yogavilla.fr\/index.php\/wp-json\/wp\/v2\/comments?post=1635"}],"version-history":[{"count":50,"href":"https:\/\/yogavilla.fr\/index.php\/wp-json\/wp\/v2\/pages\/1635\/revisions"}],"predecessor-version":[{"id":2579,"href":"https:\/\/yogavilla.fr\/index.php\/wp-json\/wp\/v2\/pages\/1635\/revisions\/2579"}],"wp:attachment":[{"href":"https:\/\/yogavilla.fr\/index.php\/wp-json\/wp\/v2\/media?parent=1635"}],"curies":[{"name":"wp","href":"https:\/\/api.w.org\/{rel}","templated":true}]}}