{"id":1777,"date":"2023-11-13T19:24:43","date_gmt":"2023-11-13T18:24:43","guid":{"rendered":"https:\/\/yogalarcmiraculeux.com\/?page_id=1777"},"modified":"2026-04-02T18:23:26","modified_gmt":"2026-04-02T16:23:26","slug":"atelier-programme-formation","status":"publish","type":"page","link":"https:\/\/yogavilla.fr\/index.php\/atelier-programme-formation\/","title":{"rendered":"Actualit\u00e9s"},"content":{"rendered":"\n<p><\/p>\n\n\n\n<h2 class=\"wp-block-heading has-text-align-center\">NOUVEAU COURS &#8211; NOUVEAU TARIF <\/h2>\n\n\n\n<p> Profitez pleinement des bienfaits de chaque cours tout au long de la semaine gr\u00e2ce \u00e0 notre nouvelle carte illimit\u00e9e. Venez quand vous le souhaitez et vivez votre pratique en toute libert\u00e9 ! <\/p>\n\n\n\n<hr class=\"wp-block-separator has-alpha-channel-opacity is-style-wide\"\/>\n\n\n\n<div class=\"wp-block-columns is-layout-flex wp-container-core-columns-is-layout-9d6595d7 wp-block-columns-is-layout-flex\">\n<div class=\"wp-block-column is-layout-flow wp-block-column-is-layout-flow\">\n<figure class=\"wp-block-image size-full\"><img loading=\"lazy\" decoding=\"async\" width=\"940\" height=\"788\" src=\"https:\/\/yogavilla.fr\/wp-content\/uploads\/2025\/11\/1-5.png\" alt=\"\" class=\"wp-image-2720\" srcset=\"https:\/\/yogavilla.fr\/wp-content\/uploads\/2025\/11\/1-5.png 940w, https:\/\/yogavilla.fr\/wp-content\/uploads\/2025\/11\/1-5-300x251.png 300w, https:\/\/yogavilla.fr\/wp-content\/uploads\/2025\/11\/1-5-768x644.png 768w\" sizes=\"auto, (max-width: 940px) 100vw, 940px\" \/><\/figure>\n\n\n\n<h2 class=\"wp-block-heading\"><\/h2>\n<\/div>\n\n\n\n<div class=\"wp-block-column is-layout-flow wp-block-column-is-layout-flow\">\n<figure class=\"wp-block-image size-full\"><img loading=\"lazy\" decoding=\"async\" width=\"940\" height=\"788\" src=\"https:\/\/yogavilla.fr\/wp-content\/uploads\/2026\/03\/Tarif-26-1.png\" alt=\"\" class=\"wp-image-2787\" srcset=\"https:\/\/yogavilla.fr\/wp-content\/uploads\/2026\/03\/Tarif-26-1.png 940w, https:\/\/yogavilla.fr\/wp-content\/uploads\/2026\/03\/Tarif-26-1-300x251.png 300w, https:\/\/yogavilla.fr\/wp-content\/uploads\/2026\/03\/Tarif-26-1-768x644.png 768w, https:\/\/yogavilla.fr\/wp-content\/uploads\/2026\/03\/Tarif-26-1-600x503.png 600w\" sizes=\"auto, (max-width: 940px) 100vw, 940px\" \/><\/figure>\n\n\n\n<h2 class=\"wp-block-heading\"><\/h2>\n<\/div>\n<\/div>\n\n\n\n<figure class=\"wp-block-image size-large\"><img loading=\"lazy\" decoding=\"async\" width=\"724\" height=\"1024\" src=\"https:\/\/yogavilla.fr\/wp-content\/uploads\/2026\/01\/Flyer-2026-1-724x1024.png\" alt=\"\" class=\"wp-image-2756\" srcset=\"https:\/\/yogavilla.fr\/wp-content\/uploads\/2026\/01\/Flyer-2026-1-724x1024.png 724w, https:\/\/yogavilla.fr\/wp-content\/uploads\/2026\/01\/Flyer-2026-1-212x300.png 212w, https:\/\/yogavilla.fr\/wp-content\/uploads\/2026\/01\/Flyer-2026-1-768x1086.png 768w, https:\/\/yogavilla.fr\/wp-content\/uploads\/2026\/01\/Flyer-2026-1-1086x1536.png 1086w, https:\/\/yogavilla.fr\/wp-content\/uploads\/2026\/01\/Flyer-2026-1.png 1414w\" sizes=\"auto, (max-width: 724px) 100vw, 724px\" \/><\/figure>\n","protected":false},"excerpt":{"rendered":"<p>NOUVEAU COURS &#8211; NOUVEAU TARIF Profitez pleinement des bienfaits de chaque cours tout au long de la semaine gr\u00e2ce \u00e0 notre nouvelle carte illimit\u00e9e. Venez quand vous le souhaitez et vivez votre pratique en toute libert\u00e9 !<\/p>\n","protected":false},"author":1,"featured_media":0,"parent":0,"menu_order":4,"comment_status":"closed","ping_status":"closed","template":"","meta":{"two_page_speed":{"previous_score":{"desktop_score":94,"desktop_tti":"1.6\u00a0","mobile_score":74,"mobile_tti":"8.8\u00a0","date":"02.04.2026 06:23:12 pm","status":"completed"},"current_score":{"desktop_score":94,"desktop_tti":"1.6\u00a0","mobile_score":74,"mobile_tti":"8.9\u00a0","date":"02.04.2026 06:23:55 pm","status":"completed"}},"footnotes":""},"class_list":["post-1777","page","type-page","status-publish","hentry"],"yoast_head":"<!-- This site is optimized with the Yoast SEO plugin v27.3 - https:\/\/yoast.com\/product\/yoast-seo-wordpress\/ -->\n<title>Actualit\u00e9s - YOGA VILLA<\/title>\n<meta name=\"robots\" content=\"index, follow, max-snippet:-1, max-image-preview:large, max-video-preview:-1\" \/>\n<link rel=\"canonical\" href=\"https:\/\/yogavilla.fr\/index.php\/atelier-programme-formation\/\" \/>\n<meta property=\"og:locale\" content=\"fr_FR\" \/>\n<meta property=\"og:type\" content=\"article\" \/>\n<meta property=\"og:title\" content=\"Actualit\u00e9s - YOGA VILLA\" \/>\n<meta property=\"og:description\" content=\"NOUVEAU COURS &#8211; NOUVEAU TARIF Profitez pleinement des bienfaits de chaque cours tout au long de la semaine gr\u00e2ce \u00e0 notre nouvelle carte illimit\u00e9e. Venez quand vous le souhaitez et vivez votre pratique en toute libert\u00e9 !\" \/>\n<meta property=\"og:url\" content=\"https:\/\/yogavilla.fr\/index.php\/atelier-programme-formation\/\" \/>\n<meta property=\"og:site_name\" content=\"YOGA VILLA\" \/>\n<meta property=\"article:publisher\" content=\"https:\/\/www.facebook.com\/YogalArcMiraculeux\/\" \/>\n<meta property=\"article:modified_time\" content=\"2026-04-02T16:23:26+00:00\" \/>\n<meta property=\"og:image\" content=\"https:\/\/yogavilla.fr\/wp-content\/uploads\/2025\/11\/1-5.png\" \/>\n\t<meta property=\"og:image:width\" content=\"940\" \/>\n\t<meta property=\"og:image:height\" content=\"788\" \/>\n\t<meta property=\"og:image:type\" content=\"image\/png\" \/>\n<meta name=\"twitter:card\" content=\"summary_large_image\" \/>\n<meta name=\"twitter:site\" content=\"@POUGAULT2\" \/>\n<meta name=\"twitter:label1\" content=\"Dur\u00e9e de lecture estim\u00e9e\" \/>\n\t<meta name=\"twitter:data1\" content=\"1 minute\" \/>\n<script type=\"application\/ld+json\" class=\"yoast-schema-graph\">{\"@context\":\"https:\\\/\\\/schema.org\",\"@graph\":[{\"@type\":\"WebPage\",\"@id\":\"https:\\\/\\\/yogavilla.fr\\\/index.php\\\/atelier-programme-formation\\\/\",\"url\":\"https:\\\/\\\/yogavilla.fr\\\/index.php\\\/atelier-programme-formation\\\/\",\"name\":\"Actualit\u00e9s - YOGA VILLA\",\"isPartOf\":{\"@id\":\"https:\\\/\\\/yogavilla.fr\\\/#website\"},\"primaryImageOfPage\":{\"@id\":\"https:\\\/\\\/yogavilla.fr\\\/index.php\\\/atelier-programme-formation\\\/#primaryimage\"},\"image\":{\"@id\":\"https:\\\/\\\/yogavilla.fr\\\/index.php\\\/atelier-programme-formation\\\/#primaryimage\"},\"thumbnailUrl\":\"https:\\\/\\\/yogavilla.fr\\\/wp-content\\\/uploads\\\/2025\\\/11\\\/1-5.png\",\"datePublished\":\"2023-11-13T18:24:43+00:00\",\"dateModified\":\"2026-04-02T16:23:26+00:00\",\"breadcrumb\":{\"@id\":\"https:\\\/\\\/yogavilla.fr\\\/index.php\\\/atelier-programme-formation\\\/#breadcrumb\"},\"inLanguage\":\"fr-FR\",\"potentialAction\":[{\"@type\":\"ReadAction\",\"target\":[\"https:\\\/\\\/yogavilla.fr\\\/index.php\\\/atelier-programme-formation\\\/\"]}]},{\"@type\":\"ImageObject\",\"inLanguage\":\"fr-FR\",\"@id\":\"https:\\\/\\\/yogavilla.fr\\\/index.php\\\/atelier-programme-formation\\\/#primaryimage\",\"url\":\"https:\\\/\\\/yogavilla.fr\\\/wp-content\\\/uploads\\\/2025\\\/11\\\/1-5.png\",\"contentUrl\":\"https:\\\/\\\/yogavilla.fr\\\/wp-content\\\/uploads\\\/2025\\\/11\\\/1-5.png\",\"width\":940,\"height\":788},{\"@type\":\"BreadcrumbList\",\"@id\":\"https:\\\/\\\/yogavilla.fr\\\/index.php\\\/atelier-programme-formation\\\/#breadcrumb\",\"itemListElement\":[{\"@type\":\"ListItem\",\"position\":1,\"name\":\"Accueil\",\"item\":\"https:\\\/\\\/yogavilla.fr\\\/\"},{\"@type\":\"ListItem\",\"position\":2,\"name\":\"Actualit\u00e9s\"}]},{\"@type\":\"WebSite\",\"@id\":\"https:\\\/\\\/yogavilla.fr\\\/#website\",\"url\":\"https:\\\/\\\/yogavilla.fr\\\/\",\"name\":\"yogavilla.fr\",\"description\":\"Donner du pouvoir \u00e0 sa vie\",\"publisher\":{\"@id\":\"https:\\\/\\\/yogavilla.fr\\\/#organization\"},\"potentialAction\":[{\"@type\":\"SearchAction\",\"target\":{\"@type\":\"EntryPoint\",\"urlTemplate\":\"https:\\\/\\\/yogavilla.fr\\\/?s={search_term_string}\"},\"query-input\":{\"@type\":\"PropertyValueSpecification\",\"valueRequired\":true,\"valueName\":\"search_term_string\"}}],\"inLanguage\":\"fr-FR\"},{\"@type\":\"Organization\",\"@id\":\"https:\\\/\\\/yogavilla.fr\\\/#organization\",\"name\":\"YOGA VILLA\",\"alternateName\":\"L'Arc Miraculeux\",\"url\":\"https:\\\/\\\/yogavilla.fr\\\/\",\"logo\":{\"@type\":\"ImageObject\",\"inLanguage\":\"fr-FR\",\"@id\":\"https:\\\/\\\/yogavilla.fr\\\/#\\\/schema\\\/logo\\\/image\\\/\",\"url\":\"https:\\\/\\\/yogavilla.fr\\\/wp-content\\\/uploads\\\/2025\\\/07\\\/cropped-5-1.png\",\"contentUrl\":\"https:\\\/\\\/yogavilla.fr\\\/wp-content\\\/uploads\\\/2025\\\/07\\\/cropped-5-1.png\",\"width\":248,\"height\":248,\"caption\":\"YOGA VILLA\"},\"image\":{\"@id\":\"https:\\\/\\\/yogavilla.fr\\\/#\\\/schema\\\/logo\\\/image\\\/\"},\"sameAs\":[\"https:\\\/\\\/www.facebook.com\\\/YogalArcMiraculeux\\\/\",\"https:\\\/\\\/x.com\\\/POUGAULT2\",\"https:\\\/\\\/www.instagram.com\\\/yogavilla33\\\/?hl=fr\",\"https:\\\/\\\/www.linkedin.com\\\/company\\\/yoga-villa-33\\\/\",\"https:\\\/\\\/fr.nextdoor.com\\\/business-profile\\\/preview\\\/?init_source=profile_switcher&active_page_id=17592218467546&profile_id=17592206743048\"]}]}<\/script>\n<!-- \/ Yoast SEO plugin. -->","yoast_head_json":{"title":"Actualit\u00e9s - YOGA VILLA","robots":{"index":"index","follow":"follow","max-snippet":"max-snippet:-1","max-image-preview":"max-image-preview:large","max-video-preview":"max-video-preview:-1"},"canonical":"https:\/\/yogavilla.fr\/index.php\/atelier-programme-formation\/","og_locale":"fr_FR","og_type":"article","og_title":"Actualit\u00e9s - YOGA VILLA","og_description":"NOUVEAU COURS &#8211; NOUVEAU TARIF Profitez pleinement des bienfaits de chaque cours tout au long de la semaine gr\u00e2ce \u00e0 notre nouvelle carte illimit\u00e9e. Venez quand vous le souhaitez et vivez votre pratique en toute libert\u00e9 !","og_url":"https:\/\/yogavilla.fr\/index.php\/atelier-programme-formation\/","og_site_name":"YOGA VILLA","article_publisher":"https:\/\/www.facebook.com\/YogalArcMiraculeux\/","article_modified_time":"2026-04-02T16:23:26+00:00","og_image":[{"width":940,"height":788,"url":"https:\/\/yogavilla.fr\/wp-content\/uploads\/2025\/11\/1-5.png","type":"image\/png"}],"twitter_card":"summary_large_image","twitter_site":"@POUGAULT2","twitter_misc":{"Dur\u00e9e de lecture estim\u00e9e":"1 minute"},"schema":{"@context":"https:\/\/schema.org","@graph":[{"@type":"WebPage","@id":"https:\/\/yogavilla.fr\/index.php\/atelier-programme-formation\/","url":"https:\/\/yogavilla.fr\/index.php\/atelier-programme-formation\/","name":"Actualit\u00e9s - YOGA VILLA","isPartOf":{"@id":"https:\/\/yogavilla.fr\/#website"},"primaryImageOfPage":{"@id":"https:\/\/yogavilla.fr\/index.php\/atelier-programme-formation\/#primaryimage"},"image":{"@id":"https:\/\/yogavilla.fr\/index.php\/atelier-programme-formation\/#primaryimage"},"thumbnailUrl":"https:\/\/yogavilla.fr\/wp-content\/uploads\/2025\/11\/1-5.png","datePublished":"2023-11-13T18:24:43+00:00","dateModified":"2026-04-02T16:23:26+00:00","breadcrumb":{"@id":"https:\/\/yogavilla.fr\/index.php\/atelier-programme-formation\/#breadcrumb"},"inLanguage":"fr-FR","potentialAction":[{"@type":"ReadAction","target":["https:\/\/yogavilla.fr\/index.php\/atelier-programme-formation\/"]}]},{"@type":"ImageObject","inLanguage":"fr-FR","@id":"https:\/\/yogavilla.fr\/index.php\/atelier-programme-formation\/#primaryimage","url":"https:\/\/yogavilla.fr\/wp-content\/uploads\/2025\/11\/1-5.png","contentUrl":"https:\/\/yogavilla.fr\/wp-content\/uploads\/2025\/11\/1-5.png","width":940,"height":788},{"@type":"BreadcrumbList","@id":"https:\/\/yogavilla.fr\/index.php\/atelier-programme-formation\/#breadcrumb","itemListElement":[{"@type":"ListItem","position":1,"name":"Accueil","item":"https:\/\/yogavilla.fr\/"},{"@type":"ListItem","position":2,"name":"Actualit\u00e9s"}]},{"@type":"WebSite","@id":"https:\/\/yogavilla.fr\/#website","url":"https:\/\/yogavilla.fr\/","name":"yogavilla.fr","description":"Donner du pouvoir \u00e0 sa vie","publisher":{"@id":"https:\/\/yogavilla.fr\/#organization"},"potentialAction":[{"@type":"SearchAction","target":{"@type":"EntryPoint","urlTemplate":"https:\/\/yogavilla.fr\/?s={search_term_string}"},"query-input":{"@type":"PropertyValueSpecification","valueRequired":true,"valueName":"search_term_string"}}],"inLanguage":"fr-FR"},{"@type":"Organization","@id":"https:\/\/yogavilla.fr\/#organization","name":"YOGA VILLA","alternateName":"L'Arc Miraculeux","url":"https:\/\/yogavilla.fr\/","logo":{"@type":"ImageObject","inLanguage":"fr-FR","@id":"https:\/\/yogavilla.fr\/#\/schema\/logo\/image\/","url":"https:\/\/yogavilla.fr\/wp-content\/uploads\/2025\/07\/cropped-5-1.png","contentUrl":"https:\/\/yogavilla.fr\/wp-content\/uploads\/2025\/07\/cropped-5-1.png","width":248,"height":248,"caption":"YOGA VILLA"},"image":{"@id":"https:\/\/yogavilla.fr\/#\/schema\/logo\/image\/"},"sameAs":["https:\/\/www.facebook.com\/YogalArcMiraculeux\/","https:\/\/x.com\/POUGAULT2","https:\/\/www.instagram.com\/yogavilla33\/?hl=fr","https:\/\/www.linkedin.com\/company\/yoga-villa-33\/","https:\/\/fr.nextdoor.com\/business-profile\/preview\/?init_source=profile_switcher&active_page_id=17592218467546&profile_id=17592206743048"]}]}},"_links":{"self":[{"href":"https:\/\/yogavilla.fr\/index.php\/wp-json\/wp\/v2\/pages\/1777","targetHints":{"allow":["GET"]}}],"collection":[{"href":"https:\/\/yogavilla.fr\/index.php\/wp-json\/wp\/v2\/pages"}],"about":[{"href":"https:\/\/yogavilla.fr\/index.php\/wp-json\/wp\/v2\/types\/page"}],"author":[{"embeddable":true,"href":"https:\/\/yogavilla.fr\/index.php\/wp-json\/wp\/v2\/users\/1"}],"replies":[{"embeddable":true,"href":"https:\/\/yogavilla.fr\/index.php\/wp-json\/wp\/v2\/comments?post=1777"}],"version-history":[{"count":62,"href":"https:\/\/yogavilla.fr\/index.php\/wp-json\/wp\/v2\/pages\/1777\/revisions"}],"predecessor-version":[{"id":2788,"href":"https:\/\/yogavilla.fr\/index.php\/wp-json\/wp\/v2\/pages\/1777\/revisions\/2788"}],"wp:attachment":[{"href":"https:\/\/yogavilla.fr\/index.php\/wp-json\/wp\/v2\/media?parent=1777"}],"curies":[{"name":"wp","href":"https:\/\/api.w.org\/{rel}","templated":true}]}}