{"id":270,"date":"2018-09-03T19:49:14","date_gmt":"2018-09-03T17:49:14","guid":{"rendered":"http:\/\/yogalarcmiraculeux.com\/?page_id=270"},"modified":"2026-04-02T18:19:26","modified_gmt":"2026-04-02T16:19:26","slug":"planning","status":"publish","type":"page","link":"https:\/\/yogavilla.fr\/index.php\/planning\/","title":{"rendered":"Le Planning"},"content":{"rendered":"\n<blockquote class=\"wp-block-quote is-layout-flow wp-block-quote-is-layout-flow\">\n<figure class=\"wp-block-image size-large is-resized\"><img loading=\"lazy\" decoding=\"async\" width=\"1024\" height=\"560\" src=\"https:\/\/yogavilla.fr\/wp-content\/uploads\/2023\/07\/CD973272-0917-4267-BE44-831A6B4BF60A-1024x560.jpg\" alt=\"\" class=\"wp-image-1531\" style=\"width:716px;height:auto\" srcset=\"https:\/\/yogavilla.fr\/wp-content\/uploads\/2023\/07\/CD973272-0917-4267-BE44-831A6B4BF60A-1024x560.jpg 1024w, https:\/\/yogavilla.fr\/wp-content\/uploads\/2023\/07\/CD973272-0917-4267-BE44-831A6B4BF60A-300x164.jpg 300w, https:\/\/yogavilla.fr\/wp-content\/uploads\/2023\/07\/CD973272-0917-4267-BE44-831A6B4BF60A-768x420.jpg 768w, https:\/\/yogavilla.fr\/wp-content\/uploads\/2023\/07\/CD973272-0917-4267-BE44-831A6B4BF60A-1536x839.jpg 1536w, https:\/\/yogavilla.fr\/wp-content\/uploads\/2023\/07\/CD973272-0917-4267-BE44-831A6B4BF60A-2048x1119.jpg 2048w, https:\/\/yogavilla.fr\/wp-content\/uploads\/2023\/07\/CD973272-0917-4267-BE44-831A6B4BF60A-360x198.jpg 360w\" sizes=\"auto, (max-width: 1024px) 100vw, 1024px\" \/><\/figure>\n\n\n\n<p class=\"has-text-align-center\"><\/p>\n<\/blockquote>\n\n\n\n<figure class=\"wp-block-image size-full\"><img loading=\"lazy\" decoding=\"async\" width=\"940\" height=\"788\" src=\"https:\/\/yogavilla.fr\/wp-content\/uploads\/2025\/11\/1-6.png\" alt=\"\" class=\"wp-image-2725\" srcset=\"https:\/\/yogavilla.fr\/wp-content\/uploads\/2025\/11\/1-6.png 940w, https:\/\/yogavilla.fr\/wp-content\/uploads\/2025\/11\/1-6-300x251.png 300w, https:\/\/yogavilla.fr\/wp-content\/uploads\/2025\/11\/1-6-768x644.png 768w\" sizes=\"auto, (max-width: 940px) 100vw, 940px\" \/><\/figure>\n\n\n\n<ul class=\"wp-block-list\">\n<li><strong>Cours d&rsquo;essai&nbsp;10\u20ac <a href=\"http:\/\/yogalarcmiraculeux.com\/index.php\/contact\/\" target=\"_blank\" rel=\"noreferrer noopener\">sur r\u00e9servation<\/a> au 06 14 15 00 31 <\/strong><\/li>\n\n\n\n<li><strong>Inscription \u00e0 tout moment de l&rsquo;ann\u00e9e, il n&rsquo;y a pas de niveau<\/strong><\/li>\n\n\n\n<li><strong>Arrivez 10 minutes avant le d\u00e9but du cours<\/strong><\/li>\n<\/ul>\n\n\n\n<div class=\"wp-block-buttons is-content-justification-center is-layout-flex wp-container-core-buttons-is-layout-16018d1d wp-block-buttons-is-layout-flex\">\n<div class=\"wp-block-button\"><a class=\"wp-block-button__link has-text-align-center wp-element-button\" href=\"https:\/\/www.supersaas.fr\/schedule\/YOGA_VILLA\/Cours_de_Kundalini?view=free\">Planning <strong>\ud83d\udd04 <\/strong><\/a><\/div>\n<\/div>\n\n\n\n<hr class=\"wp-block-separator has-alpha-channel-opacity is-style-default\"\/>\n\n\n\n<div class=\"wp-block-group is-vertical is-layout-flex wp-container-core-group-is-layout-8cf370e7 wp-block-group-is-layout-flex\">\n<h1 class=\"wp-block-heading has-text-align-left\">\ud83d\udfe0 <mark style=\"background-color:#e9f2f9\" class=\"has-inline-color\">KUNDALINI YOGA<\/mark><\/h1>\n\n\n\n<div class=\"wp-block-group is-vertical is-layout-flex wp-container-core-group-is-layout-8cf370e7 wp-block-group-is-layout-flex\">\n<div class=\"wp-block-group\"><div class=\"wp-block-group__inner-container is-layout-constrained wp-block-group-is-layout-constrained\">\n<div class=\"wp-block-group is-vertical is-layout-flex wp-container-core-group-is-layout-8cf370e7 wp-block-group-is-layout-flex\">\n<div class=\"wp-block-group is-vertical is-layout-flex wp-container-core-group-is-layout-8cf370e7 wp-block-group-is-layout-flex\">\n<div class=\"wp-block-columns is-layout-flex wp-container-core-columns-is-layout-9d6595d7 wp-block-columns-is-layout-flex\">\n<div class=\"wp-block-column is-layout-flow wp-block-column-is-layout-flow\" style=\"flex-basis:100%\">\n<figure class=\"wp-block-gallery has-nested-images columns-default is-cropped wp-block-gallery-1 is-layout-flex wp-block-gallery-is-layout-flex\">\n<figure class=\"wp-block-image size-full is-style-default\"><img loading=\"lazy\" decoding=\"async\" width=\"940\" height=\"788\" data-id=\"2726\" src=\"https:\/\/yogavilla.fr\/wp-content\/uploads\/2025\/11\/2-2.png\" alt=\"\" class=\"wp-image-2726\" srcset=\"https:\/\/yogavilla.fr\/wp-content\/uploads\/2025\/11\/2-2.png 940w, https:\/\/yogavilla.fr\/wp-content\/uploads\/2025\/11\/2-2-300x251.png 300w, https:\/\/yogavilla.fr\/wp-content\/uploads\/2025\/11\/2-2-768x644.png 768w\" sizes=\"auto, (max-width: 940px) 100vw, 940px\" \/><\/figure>\n<\/figure>\n<\/div>\n<\/div>\n\n\n\n<hr class=\"wp-block-separator has-alpha-channel-opacity is-style-wide\"\/>\n<\/div>\n\n\n\n<h3 class=\"wp-block-heading\">\u2705&nbsp;<strong>1. Structure typique d\u2019une s\u00e9ance<\/strong> de Kundalini Yoga<\/h3>\n\n\n\n<ul class=\"wp-block-list\">\n<li><strong>Ouverture<\/strong>&nbsp;: Chant du mantra d\u2019ouverture&nbsp;<em>Ong Namo Guru Dev Namo<\/em>&nbsp;pour se connecter \u00e0 la conscience int\u00e9rieure.<\/li>\n\n\n\n<li><strong>Pranayama<\/strong>&nbsp;: Exercices de respiration (souvent puissants et vari\u00e9s) pour activer l\u2019\u00e9nergie vitale.<\/li>\n\n\n\n<li><strong>Kriya<\/strong>&nbsp;: S\u00e9rie d\u2019exercices physiques et respiratoires organis\u00e9s en s\u00e9quences pr\u00e9cises, visant \u00e0 \u00e9veiller la Kundalini.<\/li>\n\n\n\n<li><strong>Relaxation<\/strong>&nbsp;: Phase de repos pour int\u00e9grer les effets des kriyas.<\/li>\n\n\n\n<li><strong>M\u00e9ditation<\/strong>&nbsp;: Souvent avec mantra, mudra et parfois visualisation.<\/li>\n\n\n\n<li><strong>Cl\u00f4ture<\/strong>&nbsp;: Chant du mantra&nbsp;<em>Sat Nam<\/em>&nbsp;(v\u00e9rit\u00e9 identitaire).<\/li>\n<\/ul>\n<\/div>\n<\/div><\/div>\n<\/div>\n<\/div>\n\n\n\n<hr class=\"wp-block-separator has-alpha-channel-opacity is-style-wide\"\/>\n\n\n\n<h1 class=\"wp-block-heading has-text-align-center\"><\/h1>\n\n\n\n<h1 class=\"wp-block-heading has-text-align-left\"><mark style=\"background-color:#fff\" class=\"has-inline-color has-dark-gray-color\">\ud83d\udfe1  <\/mark><mark style=\"background-color:#e9f2f9\" class=\"has-inline-color has-dark-gray-color\">Renforcement postura<\/mark>l<\/h1>\n\n\n\n<div class=\"wp-block-group is-vertical is-layout-flex wp-container-core-group-is-layout-68afab4e wp-block-group-is-layout-flex\">\n<figure class=\"wp-block-gallery has-nested-images columns-default is-cropped wp-block-gallery-2 is-layout-flex wp-block-gallery-is-layout-flex\">\n<figure class=\"wp-block-image size-full\"><img loading=\"lazy\" decoding=\"async\" width=\"940\" height=\"788\" data-id=\"2728\" src=\"https:\/\/yogavilla.fr\/wp-content\/uploads\/2025\/11\/3-2.png\" alt=\"\" class=\"wp-image-2728\" srcset=\"https:\/\/yogavilla.fr\/wp-content\/uploads\/2025\/11\/3-2.png 940w, https:\/\/yogavilla.fr\/wp-content\/uploads\/2025\/11\/3-2-300x251.png 300w, https:\/\/yogavilla.fr\/wp-content\/uploads\/2025\/11\/3-2-768x644.png 768w\" sizes=\"auto, (max-width: 940px) 100vw, 940px\" \/><\/figure>\n<\/figure>\n\n\n\n<h3 class=\"wp-block-heading\">\u2705&nbsp;<strong>1. Structure typique d\u2019une s\u00e9ance <\/strong>de renforcement Corporel<\/h3>\n\n\n\n<ul class=\"wp-block-list\">\n<li><strong>Pranayama<\/strong>&nbsp;: Exercices de respiration (souvent puissants et vari\u00e9s) pour activer l\u2019\u00e9nergie vitale.<\/li>\n\n\n\n<li><strong>S\u00e9rie \u00e0 th\u00e8me<\/strong> : d\u2019exercices physiques et respiratoires dynamique visant \u00e0 renforcer le corps.<\/li>\n\n\n\n<li><strong>Relaxation<\/strong>&nbsp;: Phase de repos pour int\u00e9grer les effets des kriyas.<\/li>\n<\/ul>\n<\/div>\n\n\n\n<hr class=\"wp-block-separator has-alpha-channel-opacity is-style-wide\"\/>\n\n\n\n<h1 class=\"wp-block-heading has-text-align-center\">\ud83d\udfe2 YOGA SENIOR<\/h1>\n\n\n\n<figure class=\"wp-block-image size-full is-resized\"><img loading=\"lazy\" decoding=\"async\" width=\"940\" height=\"788\" src=\"https:\/\/yogavilla.fr\/wp-content\/uploads\/2025\/11\/4-1.png\" alt=\"\" class=\"wp-image-2729\" style=\"width:666px;height:auto\" srcset=\"https:\/\/yogavilla.fr\/wp-content\/uploads\/2025\/11\/4-1.png 940w, https:\/\/yogavilla.fr\/wp-content\/uploads\/2025\/11\/4-1-300x251.png 300w, https:\/\/yogavilla.fr\/wp-content\/uploads\/2025\/11\/4-1-768x644.png 768w\" sizes=\"auto, (max-width: 940px) 100vw, 940px\" \/><\/figure>\n\n\n\n<hr class=\"wp-block-separator has-alpha-channel-opacity is-style-wide\"\/>\n\n\n\n<div class=\"wp-block-group is-vertical is-layout-flex wp-container-core-group-is-layout-8cf370e7 wp-block-group-is-layout-flex\">\n<div class=\"wp-block-group is-vertical is-layout-flex wp-container-core-group-is-layout-8cf370e7 wp-block-group-is-layout-flex\">\n<div class=\"wp-block-group is-vertical is-layout-flex wp-container-core-group-is-layout-8cf370e7 wp-block-group-is-layout-flex\">\n<div class=\"wp-block-group is-vertical is-layout-flex wp-container-core-group-is-layout-8cf370e7 wp-block-group-is-layout-flex\">\n<div class=\"wp-block-group\"><div class=\"wp-block-group__inner-container is-layout-constrained wp-block-group-is-layout-constrained\">\n<div class=\"wp-block-group is-vertical is-layout-flex wp-container-core-group-is-layout-8cf370e7 wp-block-group-is-layout-flex\">\n<div class=\"wp-block-group is-vertical is-layout-flex wp-container-core-group-is-layout-8cf370e7 wp-block-group-is-layout-flex\">\n<div class=\"wp-block-group is-vertical is-layout-flex wp-container-core-group-is-layout-8cf370e7 wp-block-group-is-layout-flex\">\n<div class=\"wp-block-group is-vertical is-layout-flex wp-container-core-group-is-layout-8cf370e7 wp-block-group-is-layout-flex\">\n<h3 class=\"wp-block-heading\">\ud83c\udf3c <strong>C<\/strong>OURS PARTICULIERS <\/h3>\n\n\n\n<h4 class=\"wp-block-heading\"><strong><em>Sur demande, en entreprise, entre amis, en famille, chez vous ou \u00e0 l&rsquo;espace Yoga Villa :<\/em><\/strong><\/h4>\n<\/div>\n<\/div>\n\n\n\n<p><em>Pour la&nbsp;gestion du stress, pour la&nbsp;synergie, renforce la coh\u00e9sion d&rsquo;\u00e9quipe, de la famille,&nbsp;am\u00e9liore la communication.&nbsp;Il peut \u00eatre surprenant par sa m\u00e9thode&#8230; d\u00e9veloppe optimisme, joie de vivre et contribue \u00e0 de meilleures relations professionnelles, dynamise, mobilise, recentre et aide \u00e0 la concentration.<\/em><\/p>\n<\/div>\n<\/div>\n\n\n\n<hr class=\"wp-block-separator has-alpha-channel-opacity\"\/>\n\n\n\n<div class=\"wp-block-group is-vertical is-layout-flex wp-container-core-group-is-layout-8cf370e7 wp-block-group-is-layout-flex\">\n<div class=\"wp-block-group is-vertical is-layout-flex wp-container-core-group-is-layout-8cf370e7 wp-block-group-is-layout-flex\">\n<div class=\"wp-block-group is-vertical is-layout-flex wp-container-core-group-is-layout-8cf370e7 wp-block-group-is-layout-flex\">\n<div class=\"wp-block-group is-vertical is-layout-flex wp-container-core-group-is-layout-8cf370e7 wp-block-group-is-layout-flex\">\n<h3 class=\"wp-block-heading\">\ud83c\udf38 COURS PARTICULIERS <\/h3>\n\n\n\n<h3 class=\"wp-block-heading\"><em><strong>Pour les s\u00e9niors<\/strong><\/em> <\/h3>\n\n\n\n<div class=\"wp-block-group\"><div class=\"wp-block-group__inner-container is-layout-constrained wp-block-group-is-layout-constrained\">\n<h4 class=\"wp-block-heading\"><em>Tout en douceur sur demande, sur chaise ou sur tapis, adapt\u00e9 \u00e0 vos besoins.<\/em><\/h4>\n\n\n\n<p class=\"has-small-font-size\">C&rsquo;est 30, 45 minutes ou 1 heure de Yoga. <em>Pour les personnes \u00e2g\u00e9es ou les personnes \u00e0 mobilit\u00e9 r\u00e9duite, en R\u00e9sidence S\u00e9nior ou en EHPAD, enseignante certifi\u00e9e de Yoga sur chaise.<\/em> Exercices, respiration, m\u00e9ditation et mantra.<\/p>\n<\/div><\/div>\n<\/div>\n<\/div>\n<\/div>\n<\/div>\n<\/div><\/div>\n<\/div>\n<\/div>\n<\/div>\n<\/div>\n\n\n\n<figure class=\"wp-block-gallery has-nested-images columns-default is-cropped wp-block-gallery-3 is-layout-flex wp-block-gallery-is-layout-flex\">\n<figure class=\"wp-block-image size-large\"><img loading=\"lazy\" decoding=\"async\" width=\"576\" height=\"1024\" data-id=\"931\" src=\"https:\/\/yogalarcmiraculeux.com\/wp-content\/uploads\/2021\/09\/2-576x1024.png\" alt=\"\" class=\"wp-image-931\" srcset=\"https:\/\/yogavilla.fr\/wp-content\/uploads\/2021\/09\/2-576x1024.png 576w, https:\/\/yogavilla.fr\/wp-content\/uploads\/2021\/09\/2-169x300.png 169w, https:\/\/yogavilla.fr\/wp-content\/uploads\/2021\/09\/2-768x1365.png 768w, https:\/\/yogavilla.fr\/wp-content\/uploads\/2021\/09\/2.png 1080w\" sizes=\"auto, (max-width: 576px) 100vw, 576px\" \/><figcaption class=\"wp-element-caption\">Yoga sur chaise pour personne \u00e0 mobilit\u00e9 r\u00e9duite , en r\u00e9sidence s\u00e9nior et Ehpad<\/figcaption><\/figure>\n\n\n\n<figure class=\"wp-block-image size-large\"><img loading=\"lazy\" decoding=\"async\" width=\"576\" height=\"1024\" data-id=\"930\" src=\"https:\/\/yogalarcmiraculeux.com\/wp-content\/uploads\/2021\/09\/1-576x1024.png\" alt=\"\" class=\"wp-image-930\" srcset=\"https:\/\/yogavilla.fr\/wp-content\/uploads\/2021\/09\/1-576x1024.png 576w, https:\/\/yogavilla.fr\/wp-content\/uploads\/2021\/09\/1-169x300.png 169w, https:\/\/yogavilla.fr\/wp-content\/uploads\/2021\/09\/1-768x1365.png 768w, https:\/\/yogavilla.fr\/wp-content\/uploads\/2021\/09\/1.png 1080w\" sizes=\"auto, (max-width: 576px) 100vw, 576px\" \/><figcaption class=\"wp-element-caption\">Mobilit\u00e9 r\u00e9duite, s\u00e9niors, Yoga sur chaise en Ehpad ou r\u00e9sidences s\u00e9niors<\/figcaption><\/figure>\n<\/figure>\n\n\n\n<h3 class=\"wp-block-heading\">Article sur les bienfaits du Kundalini quel que soit votre \u00e2ge \u2935\ufe0f<\/h3>\n\n\n\n<figure class=\"wp-block-image size-large\"><img loading=\"lazy\" decoding=\"async\" width=\"1024\" height=\"768\" src=\"https:\/\/yogalarcmiraculeux.com\/wp-content\/uploads\/2023\/10\/5749519C-1D86-40D7-9E65-EB19F8218F76-1024x768.jpeg\" alt=\"\" class=\"wp-image-1737\" srcset=\"https:\/\/yogavilla.fr\/wp-content\/uploads\/2023\/10\/5749519C-1D86-40D7-9E65-EB19F8218F76-1024x768.jpeg 1024w, https:\/\/yogavilla.fr\/wp-content\/uploads\/2023\/10\/5749519C-1D86-40D7-9E65-EB19F8218F76-300x225.jpeg 300w, https:\/\/yogavilla.fr\/wp-content\/uploads\/2023\/10\/5749519C-1D86-40D7-9E65-EB19F8218F76-768x576.jpeg 768w, https:\/\/yogavilla.fr\/wp-content\/uploads\/2023\/10\/5749519C-1D86-40D7-9E65-EB19F8218F76-1536x1152.jpeg 1536w, https:\/\/yogavilla.fr\/wp-content\/uploads\/2023\/10\/5749519C-1D86-40D7-9E65-EB19F8218F76.jpeg 2048w\" sizes=\"auto, (max-width: 1024px) 100vw, 1024px\" \/><\/figure>\n","protected":false},"excerpt":{"rendered":"<p>\ud83d\udfe0 KUNDALINI YOGA \u2705&nbsp;1. Structure typique d\u2019une s\u00e9ance de Kundalini Yoga \ud83d\udfe1 Renforcement postural \u2705&nbsp;1. Structure typique d\u2019une s\u00e9ance de renforcement Corporel \ud83d\udfe2 YOGA SENIOR \ud83c\udf3c COURS PARTICULIERS Sur demande, en entreprise, entre amis, en famille, chez vous ou \u00e0 l&rsquo;espace Yoga Villa : Pour la&nbsp;gestion du stress, pour la&nbsp;synergie, renforce la coh\u00e9sion d&rsquo;\u00e9quipe, de &hellip; <a href=\"https:\/\/yogavilla.fr\/index.php\/planning\/\" class=\"more-link\">Continuer la lecture de <span class=\"screen-reader-text\">Le Planning<\/span><\/a><\/p>\n","protected":false},"author":1,"featured_media":0,"parent":0,"menu_order":2,"comment_status":"closed","ping_status":"closed","template":"","meta":{"two_page_speed":{"previous_score":{"desktop_score":98,"desktop_tti":"1.1\u00a0","mobile_score":74,"mobile_tti":"7.4\u00a0","date":"02.04.2026 06:19:15 pm","status":"completed"},"current_score":{"desktop_score":96,"desktop_tti":"1.4\u00a0","mobile_score":74,"mobile_tti":"8.6\u00a0","date":"02.04.2026 06:19:50 pm","status":"completed"}},"footnotes":""},"class_list":["post-270","page","type-page","status-publish","hentry"],"yoast_head":"<!-- This site is optimized with the Yoast SEO plugin v27.3 - https:\/\/yoast.com\/product\/yoast-seo-wordpress\/ -->\n<title>Le Planning - YOGA VILLA<\/title>\n<meta name=\"description\" content=\"Venez quand vous le souhaitez avec le planning en ligne, des cours tous les jours, pendant les vacances scolaires et jusqu&#039;\u00e0 fin juillet.\" \/>\n<meta name=\"robots\" content=\"index, follow, max-snippet:-1, max-image-preview:large, max-video-preview:-1\" \/>\n<link rel=\"canonical\" href=\"https:\/\/yogavilla.fr\/index.php\/planning\/\" \/>\n<meta property=\"og:locale\" content=\"fr_FR\" \/>\n<meta property=\"og:type\" content=\"article\" \/>\n<meta property=\"og:title\" content=\"Le Planning - YOGA VILLA\" \/>\n<meta property=\"og:description\" content=\"Venez quand vous le souhaitez avec le planning en ligne, des cours tous les jours, pendant les vacances scolaires et jusqu&#039;\u00e0 fin juillet.\" \/>\n<meta property=\"og:url\" content=\"https:\/\/yogavilla.fr\/index.php\/planning\/\" \/>\n<meta property=\"og:site_name\" content=\"YOGA VILLA\" \/>\n<meta property=\"article:publisher\" content=\"https:\/\/www.facebook.com\/YogalArcMiraculeux\/\" \/>\n<meta property=\"article:modified_time\" content=\"2026-04-02T16:19:26+00:00\" \/>\n<meta property=\"og:image\" content=\"https:\/\/yogavilla.fr\/wp-content\/uploads\/2023\/07\/CD973272-0917-4267-BE44-831A6B4BF60A-scaled.jpg\" \/>\n\t<meta property=\"og:image:width\" content=\"2560\" \/>\n\t<meta property=\"og:image:height\" content=\"1399\" \/>\n\t<meta property=\"og:image:type\" content=\"image\/jpeg\" \/>\n<meta name=\"twitter:card\" content=\"summary_large_image\" \/>\n<meta name=\"twitter:site\" content=\"@POUGAULT2\" \/>\n<meta name=\"twitter:label1\" content=\"Dur\u00e9e de lecture estim\u00e9e\" \/>\n\t<meta name=\"twitter:data1\" content=\"4 minutes\" \/>\n<script type=\"application\/ld+json\" class=\"yoast-schema-graph\">{\"@context\":\"https:\\\/\\\/schema.org\",\"@graph\":[{\"@type\":\"WebPage\",\"@id\":\"https:\\\/\\\/yogavilla.fr\\\/index.php\\\/planning\\\/\",\"url\":\"https:\\\/\\\/yogavilla.fr\\\/index.php\\\/planning\\\/\",\"name\":\"Le Planning - YOGA VILLA\",\"isPartOf\":{\"@id\":\"https:\\\/\\\/yogavilla.fr\\\/#website\"},\"primaryImageOfPage\":{\"@id\":\"https:\\\/\\\/yogavilla.fr\\\/index.php\\\/planning\\\/#primaryimage\"},\"image\":{\"@id\":\"https:\\\/\\\/yogavilla.fr\\\/index.php\\\/planning\\\/#primaryimage\"},\"thumbnailUrl\":\"https:\\\/\\\/yogavilla.fr\\\/wp-content\\\/uploads\\\/2023\\\/07\\\/CD973272-0917-4267-BE44-831A6B4BF60A-1024x560.jpg\",\"datePublished\":\"2018-09-03T17:49:14+00:00\",\"dateModified\":\"2026-04-02T16:19:26+00:00\",\"description\":\"Venez quand vous le souhaitez avec le planning en ligne, des cours tous les jours, pendant les vacances scolaires et jusqu'\u00e0 fin juillet.\",\"breadcrumb\":{\"@id\":\"https:\\\/\\\/yogavilla.fr\\\/index.php\\\/planning\\\/#breadcrumb\"},\"inLanguage\":\"fr-FR\",\"potentialAction\":[{\"@type\":\"ReadAction\",\"target\":[\"https:\\\/\\\/yogavilla.fr\\\/index.php\\\/planning\\\/\"]}]},{\"@type\":\"ImageObject\",\"inLanguage\":\"fr-FR\",\"@id\":\"https:\\\/\\\/yogavilla.fr\\\/index.php\\\/planning\\\/#primaryimage\",\"url\":\"https:\\\/\\\/yogavilla.fr\\\/wp-content\\\/uploads\\\/2023\\\/07\\\/CD973272-0917-4267-BE44-831A6B4BF60A-scaled.jpg\",\"contentUrl\":\"https:\\\/\\\/yogavilla.fr\\\/wp-content\\\/uploads\\\/2023\\\/07\\\/CD973272-0917-4267-BE44-831A6B4BF60A-scaled.jpg\",\"width\":2560,\"height\":1399},{\"@type\":\"BreadcrumbList\",\"@id\":\"https:\\\/\\\/yogavilla.fr\\\/index.php\\\/planning\\\/#breadcrumb\",\"itemListElement\":[{\"@type\":\"ListItem\",\"position\":1,\"name\":\"Accueil\",\"item\":\"https:\\\/\\\/yogavilla.fr\\\/\"},{\"@type\":\"ListItem\",\"position\":2,\"name\":\"Le Planning\"}]},{\"@type\":\"WebSite\",\"@id\":\"https:\\\/\\\/yogavilla.fr\\\/#website\",\"url\":\"https:\\\/\\\/yogavilla.fr\\\/\",\"name\":\"yogavilla.fr\",\"description\":\"Donner du pouvoir \u00e0 sa vie\",\"publisher\":{\"@id\":\"https:\\\/\\\/yogavilla.fr\\\/#organization\"},\"potentialAction\":[{\"@type\":\"SearchAction\",\"target\":{\"@type\":\"EntryPoint\",\"urlTemplate\":\"https:\\\/\\\/yogavilla.fr\\\/?s={search_term_string}\"},\"query-input\":{\"@type\":\"PropertyValueSpecification\",\"valueRequired\":true,\"valueName\":\"search_term_string\"}}],\"inLanguage\":\"fr-FR\"},{\"@type\":\"Organization\",\"@id\":\"https:\\\/\\\/yogavilla.fr\\\/#organization\",\"name\":\"YOGA VILLA\",\"alternateName\":\"L'Arc Miraculeux\",\"url\":\"https:\\\/\\\/yogavilla.fr\\\/\",\"logo\":{\"@type\":\"ImageObject\",\"inLanguage\":\"fr-FR\",\"@id\":\"https:\\\/\\\/yogavilla.fr\\\/#\\\/schema\\\/logo\\\/image\\\/\",\"url\":\"https:\\\/\\\/yogavilla.fr\\\/wp-content\\\/uploads\\\/2025\\\/07\\\/cropped-5-1.png\",\"contentUrl\":\"https:\\\/\\\/yogavilla.fr\\\/wp-content\\\/uploads\\\/2025\\\/07\\\/cropped-5-1.png\",\"width\":248,\"height\":248,\"caption\":\"YOGA VILLA\"},\"image\":{\"@id\":\"https:\\\/\\\/yogavilla.fr\\\/#\\\/schema\\\/logo\\\/image\\\/\"},\"sameAs\":[\"https:\\\/\\\/www.facebook.com\\\/YogalArcMiraculeux\\\/\",\"https:\\\/\\\/x.com\\\/POUGAULT2\",\"https:\\\/\\\/www.instagram.com\\\/yogavilla33\\\/?hl=fr\",\"https:\\\/\\\/www.linkedin.com\\\/company\\\/yoga-villa-33\\\/\",\"https:\\\/\\\/fr.nextdoor.com\\\/business-profile\\\/preview\\\/?init_source=profile_switcher&active_page_id=17592218467546&profile_id=17592206743048\"]}]}<\/script>\n<!-- \/ Yoast SEO plugin. -->","yoast_head_json":{"title":"Le Planning - YOGA VILLA","description":"Venez quand vous le souhaitez avec le planning en ligne, des cours tous les jours, pendant les vacances scolaires et jusqu'\u00e0 fin juillet.","robots":{"index":"index","follow":"follow","max-snippet":"max-snippet:-1","max-image-preview":"max-image-preview:large","max-video-preview":"max-video-preview:-1"},"canonical":"https:\/\/yogavilla.fr\/index.php\/planning\/","og_locale":"fr_FR","og_type":"article","og_title":"Le Planning - YOGA VILLA","og_description":"Venez quand vous le souhaitez avec le planning en ligne, des cours tous les jours, pendant les vacances scolaires et jusqu'\u00e0 fin juillet.","og_url":"https:\/\/yogavilla.fr\/index.php\/planning\/","og_site_name":"YOGA VILLA","article_publisher":"https:\/\/www.facebook.com\/YogalArcMiraculeux\/","article_modified_time":"2026-04-02T16:19:26+00:00","og_image":[{"width":2560,"height":1399,"url":"https:\/\/yogavilla.fr\/wp-content\/uploads\/2023\/07\/CD973272-0917-4267-BE44-831A6B4BF60A-scaled.jpg","type":"image\/jpeg"}],"twitter_card":"summary_large_image","twitter_site":"@POUGAULT2","twitter_misc":{"Dur\u00e9e de lecture estim\u00e9e":"4 minutes"},"schema":{"@context":"https:\/\/schema.org","@graph":[{"@type":"WebPage","@id":"https:\/\/yogavilla.fr\/index.php\/planning\/","url":"https:\/\/yogavilla.fr\/index.php\/planning\/","name":"Le Planning - YOGA VILLA","isPartOf":{"@id":"https:\/\/yogavilla.fr\/#website"},"primaryImageOfPage":{"@id":"https:\/\/yogavilla.fr\/index.php\/planning\/#primaryimage"},"image":{"@id":"https:\/\/yogavilla.fr\/index.php\/planning\/#primaryimage"},"thumbnailUrl":"https:\/\/yogavilla.fr\/wp-content\/uploads\/2023\/07\/CD973272-0917-4267-BE44-831A6B4BF60A-1024x560.jpg","datePublished":"2018-09-03T17:49:14+00:00","dateModified":"2026-04-02T16:19:26+00:00","description":"Venez quand vous le souhaitez avec le planning en ligne, des cours tous les jours, pendant les vacances scolaires et jusqu'\u00e0 fin juillet.","breadcrumb":{"@id":"https:\/\/yogavilla.fr\/index.php\/planning\/#breadcrumb"},"inLanguage":"fr-FR","potentialAction":[{"@type":"ReadAction","target":["https:\/\/yogavilla.fr\/index.php\/planning\/"]}]},{"@type":"ImageObject","inLanguage":"fr-FR","@id":"https:\/\/yogavilla.fr\/index.php\/planning\/#primaryimage","url":"https:\/\/yogavilla.fr\/wp-content\/uploads\/2023\/07\/CD973272-0917-4267-BE44-831A6B4BF60A-scaled.jpg","contentUrl":"https:\/\/yogavilla.fr\/wp-content\/uploads\/2023\/07\/CD973272-0917-4267-BE44-831A6B4BF60A-scaled.jpg","width":2560,"height":1399},{"@type":"BreadcrumbList","@id":"https:\/\/yogavilla.fr\/index.php\/planning\/#breadcrumb","itemListElement":[{"@type":"ListItem","position":1,"name":"Accueil","item":"https:\/\/yogavilla.fr\/"},{"@type":"ListItem","position":2,"name":"Le Planning"}]},{"@type":"WebSite","@id":"https:\/\/yogavilla.fr\/#website","url":"https:\/\/yogavilla.fr\/","name":"yogavilla.fr","description":"Donner du pouvoir \u00e0 sa vie","publisher":{"@id":"https:\/\/yogavilla.fr\/#organization"},"potentialAction":[{"@type":"SearchAction","target":{"@type":"EntryPoint","urlTemplate":"https:\/\/yogavilla.fr\/?s={search_term_string}"},"query-input":{"@type":"PropertyValueSpecification","valueRequired":true,"valueName":"search_term_string"}}],"inLanguage":"fr-FR"},{"@type":"Organization","@id":"https:\/\/yogavilla.fr\/#organization","name":"YOGA VILLA","alternateName":"L'Arc Miraculeux","url":"https:\/\/yogavilla.fr\/","logo":{"@type":"ImageObject","inLanguage":"fr-FR","@id":"https:\/\/yogavilla.fr\/#\/schema\/logo\/image\/","url":"https:\/\/yogavilla.fr\/wp-content\/uploads\/2025\/07\/cropped-5-1.png","contentUrl":"https:\/\/yogavilla.fr\/wp-content\/uploads\/2025\/07\/cropped-5-1.png","width":248,"height":248,"caption":"YOGA VILLA"},"image":{"@id":"https:\/\/yogavilla.fr\/#\/schema\/logo\/image\/"},"sameAs":["https:\/\/www.facebook.com\/YogalArcMiraculeux\/","https:\/\/x.com\/POUGAULT2","https:\/\/www.instagram.com\/yogavilla33\/?hl=fr","https:\/\/www.linkedin.com\/company\/yoga-villa-33\/","https:\/\/fr.nextdoor.com\/business-profile\/preview\/?init_source=profile_switcher&active_page_id=17592218467546&profile_id=17592206743048"]}]}},"_links":{"self":[{"href":"https:\/\/yogavilla.fr\/index.php\/wp-json\/wp\/v2\/pages\/270","targetHints":{"allow":["GET"]}}],"collection":[{"href":"https:\/\/yogavilla.fr\/index.php\/wp-json\/wp\/v2\/pages"}],"about":[{"href":"https:\/\/yogavilla.fr\/index.php\/wp-json\/wp\/v2\/types\/page"}],"author":[{"embeddable":true,"href":"https:\/\/yogavilla.fr\/index.php\/wp-json\/wp\/v2\/users\/1"}],"replies":[{"embeddable":true,"href":"https:\/\/yogavilla.fr\/index.php\/wp-json\/wp\/v2\/comments?post=270"}],"version-history":[{"count":318,"href":"https:\/\/yogavilla.fr\/index.php\/wp-json\/wp\/v2\/pages\/270\/revisions"}],"predecessor-version":[{"id":2730,"href":"https:\/\/yogavilla.fr\/index.php\/wp-json\/wp\/v2\/pages\/270\/revisions\/2730"}],"wp:attachment":[{"href":"https:\/\/yogavilla.fr\/index.php\/wp-json\/wp\/v2\/media?parent=270"}],"curies":[{"name":"wp","href":"https:\/\/api.w.org\/{rel}","templated":true}]}}