{"id":77,"date":"2018-07-20T19:46:37","date_gmt":"2018-07-20T17:46:37","guid":{"rendered":"http:\/\/yogalarcmiraculeux.com\/?page_id=77"},"modified":"2026-04-02T18:22:05","modified_gmt":"2026-04-02T16:22:05","slug":"profitez-dune-inscription-a-lannee-pour-beneficier-des-meilleures-offres","status":"publish","type":"page","link":"https:\/\/yogavilla.fr\/index.php\/profitez-dune-inscription-a-lannee-pour-beneficier-des-meilleures-offres\/","title":{"rendered":"Les tarifs"},"content":{"rendered":"\n<div class=\"wp-block-columns is-layout-flex wp-container-core-columns-is-layout-9d6595d7 wp-block-columns-is-layout-flex\">\n<div class=\"wp-block-column is-layout-flow wp-block-column-is-layout-flow\" style=\"flex-basis:100%\">\n<div class=\"wp-block-group\"><div class=\"wp-block-group__inner-container is-layout-constrained wp-block-group-is-layout-constrained\">\n<figure class=\"wp-block-image size-full is-resized\"><img loading=\"lazy\" decoding=\"async\" width=\"940\" height=\"788\" src=\"https:\/\/yogavilla.fr\/wp-content\/uploads\/2026\/03\/Tarif-26.png\" alt=\"\" class=\"wp-image-2785\" style=\"width:705px;height:auto\" srcset=\"https:\/\/yogavilla.fr\/wp-content\/uploads\/2026\/03\/Tarif-26.png 940w, https:\/\/yogavilla.fr\/wp-content\/uploads\/2026\/03\/Tarif-26-300x251.png 300w, https:\/\/yogavilla.fr\/wp-content\/uploads\/2026\/03\/Tarif-26-768x644.png 768w, https:\/\/yogavilla.fr\/wp-content\/uploads\/2026\/03\/Tarif-26-600x503.png 600w\" sizes=\"auto, (max-width: 940px) 100vw, 940px\" \/><\/figure>\n<\/div><\/div>\n<\/div>\n<\/div>\n\n\n\n<blockquote class=\"wp-block-quote is-layout-flow wp-block-quote-is-layout-flow\">\n<pre class=\"wp-block-preformatted\">Les tarifs sont d\u00e9gressifs en fonction du nombre de cours.<\/pre>\n<\/blockquote>\n\n\n\n<p class=\"has-text-align-center\"><sub>L&rsquo;aspect financier ne doit pas \u00eatre un frein \u00e0 la pratique, possibilit\u00e9 de payer en plusieurs ch\u00e8ques, tarif adapt\u00e9 pour les personnes au revenu modeste ainsi que pour les enseignants en formation.&nbsp; <\/sub><\/p>\n\n\n\n<p class=\"has-text-align-center\"><sub>Stationnement alentours gratuit.<\/sub> <sub>Jardin ext\u00e9rieur avec parking \u00e0 v\u00e9lo<\/sub><\/p>\n\n\n<div class=\"wp-block-image\">\n<figure class=\"aligncenter size-full is-resized\"><img loading=\"lazy\" decoding=\"async\" width=\"432\" height=\"457\" src=\"https:\/\/yogalarcmiraculeux.com\/wp-content\/uploads\/2023\/11\/Capture-decran-2023-11-16-a-21.51.50-1.png\" alt=\"\" class=\"wp-image-1918\" style=\"width:418px;height:auto\" srcset=\"https:\/\/yogavilla.fr\/wp-content\/uploads\/2023\/11\/Capture-decran-2023-11-16-a-21.51.50-1.png 432w, https:\/\/yogavilla.fr\/wp-content\/uploads\/2023\/11\/Capture-decran-2023-11-16-a-21.51.50-1-284x300.png 284w\" sizes=\"auto, (max-width: 432px) 100vw, 432px\" \/><\/figure>\n<\/div>\n\n<div class=\"wp-block-image\">\n<figure class=\"aligncenter size-full is-resized\"><img loading=\"lazy\" decoding=\"async\" width=\"377\" height=\"269\" src=\"https:\/\/yogalarcmiraculeux.com\/wp-content\/uploads\/2023\/11\/Capture-decran-2023-11-16-a-21.46.03.png\" alt=\"\" class=\"wp-image-1915\" style=\"aspect-ratio:1.5;object-fit:cover;width:406px;height:auto\" srcset=\"https:\/\/yogavilla.fr\/wp-content\/uploads\/2023\/11\/Capture-decran-2023-11-16-a-21.46.03.png 377w, https:\/\/yogavilla.fr\/wp-content\/uploads\/2023\/11\/Capture-decran-2023-11-16-a-21.46.03-300x214.png 300w\" sizes=\"auto, (max-width: 377px) 100vw, 377px\" \/><\/figure>\n<\/div>\n\n\n<h2 class=\"wp-block-heading has-text-align-center\">Cours particuliers sur demande <\/h2>\n\n\n\n<p class=\"has-text-align-center\">Chez vous ou chez Yoga Villa<\/p>\n\n\n\n<ul class=\"wp-block-list\">\n<li>&nbsp;Cours particulier d&rsquo;une heure \u00e0 partir de 70\u20ac TTC<\/li>\n\n\n\n<li>Cours particulier de Yoga adapt\u00e9 ou sur chaise 30 minutes : 35\u20ac TTC<\/li>\n\n\n\n<li>Frais de d\u00e9placement en suppl\u00e9ment selon le lieu.<\/li>\n<\/ul>\n\n\n<div class=\"wp-block-image\">\n<figure class=\"aligncenter size-full is-resized\"><img loading=\"lazy\" decoding=\"async\" width=\"408\" height=\"454\" src=\"https:\/\/yogalarcmiraculeux.com\/wp-content\/uploads\/2023\/11\/Capture-decran-2023-11-16-a-22.09.44.png\" alt=\"\" class=\"wp-image-1927\" style=\"width:271px;height:auto\" srcset=\"https:\/\/yogavilla.fr\/wp-content\/uploads\/2023\/11\/Capture-decran-2023-11-16-a-22.09.44.png 408w, https:\/\/yogavilla.fr\/wp-content\/uploads\/2023\/11\/Capture-decran-2023-11-16-a-22.09.44-270x300.png 270w\" sizes=\"auto, (max-width: 408px) 100vw, 408px\" \/><\/figure>\n<\/div>\n\n\n<h2 class=\"wp-block-heading\">&nbsp;<\/h2>\n\n\n\n<h2 class=\"wp-block-heading\">&nbsp;<\/h2>\n\n\n\n<h2 class=\"wp-block-heading\">&nbsp;<\/h2>\n\n\n\n<h2 class=\"wp-block-heading\">&nbsp;<\/h2>\n\n\n\n<h2 class=\"wp-block-heading\">&nbsp;<\/h2>\n\n\n\n<h2 class=\"wp-block-heading\">&nbsp;<\/h2>\n","protected":false},"excerpt":{"rendered":"<p>Les tarifs sont d\u00e9gressifs en fonction du nombre de cours. L&rsquo;aspect financier ne doit pas \u00eatre un frein \u00e0 la pratique, possibilit\u00e9 de payer en plusieurs ch\u00e8ques, tarif adapt\u00e9 pour les personnes au revenu modeste ainsi que pour les enseignants en formation.&nbsp; Stationnement alentours gratuit. Jardin ext\u00e9rieur avec parking \u00e0 v\u00e9lo Cours particuliers sur demande &hellip; <a href=\"https:\/\/yogavilla.fr\/index.php\/profitez-dune-inscription-a-lannee-pour-beneficier-des-meilleures-offres\/\" class=\"more-link\">Continuer la lecture de <span class=\"screen-reader-text\">Les tarifs<\/span><\/a><\/p>\n","protected":false},"author":1,"featured_media":2173,"parent":0,"menu_order":3,"comment_status":"closed","ping_status":"closed","template":"","meta":{"two_page_speed":{"previous_score":{"desktop_score":98,"desktop_tti":"1.1\u00a0","mobile_score":79,"mobile_tti":"5.5\u00a0","date":"02.04.2026 06:21:55 pm","status":"completed"},"current_score":{"desktop_score":97,"desktop_tti":"1.3\u00a0","mobile_score":100,"mobile_tti":"0.8\u00a0","date":"02.04.2026 06:22:28 pm","status":"completed"}},"footnotes":""},"class_list":["post-77","page","type-page","status-publish","has-post-thumbnail","hentry"],"yoast_head":"<!-- This site is optimized with the Yoast SEO plugin v27.3 - https:\/\/yoast.com\/product\/yoast-seo-wordpress\/ -->\n<title>Les tarifs de notre association reste stable et tr\u00e8s comp\u00e9titifs<\/title>\n<meta name=\"description\" content=\"Des tarifs d\u00e9gressifs en fonction des nombre de cours, plus vous prolongerez votre investissement plus il sera int\u00e9ressant.\" \/>\n<meta name=\"robots\" content=\"index, follow, max-snippet:-1, max-image-preview:large, max-video-preview:-1\" \/>\n<link rel=\"canonical\" href=\"https:\/\/yogavilla.fr\/index.php\/profitez-dune-inscription-a-lannee-pour-beneficier-des-meilleures-offres\/\" \/>\n<meta property=\"og:locale\" content=\"fr_FR\" \/>\n<meta property=\"og:type\" content=\"article\" \/>\n<meta property=\"og:title\" content=\"Les tarifs de notre association reste stable et tr\u00e8s comp\u00e9titifs\" \/>\n<meta property=\"og:description\" content=\"Des tarifs d\u00e9gressifs en fonction des nombre de cours, plus vous prolongerez votre investissement plus il sera int\u00e9ressant.\" \/>\n<meta property=\"og:url\" content=\"https:\/\/yogavilla.fr\/index.php\/profitez-dune-inscription-a-lannee-pour-beneficier-des-meilleures-offres\/\" \/>\n<meta property=\"og:site_name\" content=\"YOGA VILLA\" \/>\n<meta property=\"article:publisher\" content=\"https:\/\/www.facebook.com\/YogalArcMiraculeux\/\" \/>\n<meta property=\"article:modified_time\" content=\"2026-04-02T16:22:05+00:00\" \/>\n<meta property=\"og:image\" content=\"https:\/\/yogavilla.fr\/wp-content\/uploads\/2024\/07\/IMG_1387-2-scaled.jpg\" \/>\n\t<meta property=\"og:image:width\" content=\"2560\" \/>\n\t<meta property=\"og:image:height\" content=\"1440\" \/>\n\t<meta property=\"og:image:type\" content=\"image\/jpeg\" \/>\n<meta name=\"twitter:card\" content=\"summary_large_image\" \/>\n<meta name=\"twitter:site\" content=\"@POUGAULT2\" \/>\n<meta name=\"twitter:label1\" content=\"Dur\u00e9e de lecture estim\u00e9e\" \/>\n\t<meta name=\"twitter:data1\" content=\"2 minutes\" \/>\n<script type=\"application\/ld+json\" class=\"yoast-schema-graph\">{\"@context\":\"https:\\\/\\\/schema.org\",\"@graph\":[{\"@type\":\"WebPage\",\"@id\":\"https:\\\/\\\/yogavilla.fr\\\/index.php\\\/profitez-dune-inscription-a-lannee-pour-beneficier-des-meilleures-offres\\\/\",\"url\":\"https:\\\/\\\/yogavilla.fr\\\/index.php\\\/profitez-dune-inscription-a-lannee-pour-beneficier-des-meilleures-offres\\\/\",\"name\":\"Les tarifs de notre association reste stable et tr\u00e8s comp\u00e9titifs\",\"isPartOf\":{\"@id\":\"https:\\\/\\\/yogavilla.fr\\\/#website\"},\"primaryImageOfPage\":{\"@id\":\"https:\\\/\\\/yogavilla.fr\\\/index.php\\\/profitez-dune-inscription-a-lannee-pour-beneficier-des-meilleures-offres\\\/#primaryimage\"},\"image\":{\"@id\":\"https:\\\/\\\/yogavilla.fr\\\/index.php\\\/profitez-dune-inscription-a-lannee-pour-beneficier-des-meilleures-offres\\\/#primaryimage\"},\"thumbnailUrl\":\"https:\\\/\\\/yogavilla.fr\\\/wp-content\\\/uploads\\\/2024\\\/07\\\/IMG_1387-2-scaled.jpg\",\"datePublished\":\"2018-07-20T17:46:37+00:00\",\"dateModified\":\"2026-04-02T16:22:05+00:00\",\"description\":\"Des tarifs d\u00e9gressifs en fonction des nombre de cours, plus vous prolongerez votre investissement plus il sera int\u00e9ressant.\",\"breadcrumb\":{\"@id\":\"https:\\\/\\\/yogavilla.fr\\\/index.php\\\/profitez-dune-inscription-a-lannee-pour-beneficier-des-meilleures-offres\\\/#breadcrumb\"},\"inLanguage\":\"fr-FR\",\"potentialAction\":[{\"@type\":\"ReadAction\",\"target\":[\"https:\\\/\\\/yogavilla.fr\\\/index.php\\\/profitez-dune-inscription-a-lannee-pour-beneficier-des-meilleures-offres\\\/\"]}]},{\"@type\":\"ImageObject\",\"inLanguage\":\"fr-FR\",\"@id\":\"https:\\\/\\\/yogavilla.fr\\\/index.php\\\/profitez-dune-inscription-a-lannee-pour-beneficier-des-meilleures-offres\\\/#primaryimage\",\"url\":\"https:\\\/\\\/yogavilla.fr\\\/wp-content\\\/uploads\\\/2024\\\/07\\\/IMG_1387-2-scaled.jpg\",\"contentUrl\":\"https:\\\/\\\/yogavilla.fr\\\/wp-content\\\/uploads\\\/2024\\\/07\\\/IMG_1387-2-scaled.jpg\",\"width\":2560,\"height\":1440},{\"@type\":\"BreadcrumbList\",\"@id\":\"https:\\\/\\\/yogavilla.fr\\\/index.php\\\/profitez-dune-inscription-a-lannee-pour-beneficier-des-meilleures-offres\\\/#breadcrumb\",\"itemListElement\":[{\"@type\":\"ListItem\",\"position\":1,\"name\":\"Accueil\",\"item\":\"https:\\\/\\\/yogavilla.fr\\\/\"},{\"@type\":\"ListItem\",\"position\":2,\"name\":\"Les tarifs\"}]},{\"@type\":\"WebSite\",\"@id\":\"https:\\\/\\\/yogavilla.fr\\\/#website\",\"url\":\"https:\\\/\\\/yogavilla.fr\\\/\",\"name\":\"yogavilla.fr\",\"description\":\"Donner du pouvoir \u00e0 sa vie\",\"publisher\":{\"@id\":\"https:\\\/\\\/yogavilla.fr\\\/#organization\"},\"potentialAction\":[{\"@type\":\"SearchAction\",\"target\":{\"@type\":\"EntryPoint\",\"urlTemplate\":\"https:\\\/\\\/yogavilla.fr\\\/?s={search_term_string}\"},\"query-input\":{\"@type\":\"PropertyValueSpecification\",\"valueRequired\":true,\"valueName\":\"search_term_string\"}}],\"inLanguage\":\"fr-FR\"},{\"@type\":\"Organization\",\"@id\":\"https:\\\/\\\/yogavilla.fr\\\/#organization\",\"name\":\"YOGA VILLA\",\"alternateName\":\"L'Arc Miraculeux\",\"url\":\"https:\\\/\\\/yogavilla.fr\\\/\",\"logo\":{\"@type\":\"ImageObject\",\"inLanguage\":\"fr-FR\",\"@id\":\"https:\\\/\\\/yogavilla.fr\\\/#\\\/schema\\\/logo\\\/image\\\/\",\"url\":\"https:\\\/\\\/yogavilla.fr\\\/wp-content\\\/uploads\\\/2025\\\/07\\\/cropped-5-1.png\",\"contentUrl\":\"https:\\\/\\\/yogavilla.fr\\\/wp-content\\\/uploads\\\/2025\\\/07\\\/cropped-5-1.png\",\"width\":248,\"height\":248,\"caption\":\"YOGA VILLA\"},\"image\":{\"@id\":\"https:\\\/\\\/yogavilla.fr\\\/#\\\/schema\\\/logo\\\/image\\\/\"},\"sameAs\":[\"https:\\\/\\\/www.facebook.com\\\/YogalArcMiraculeux\\\/\",\"https:\\\/\\\/x.com\\\/POUGAULT2\",\"https:\\\/\\\/www.instagram.com\\\/yogavilla33\\\/?hl=fr\",\"https:\\\/\\\/www.linkedin.com\\\/company\\\/yoga-villa-33\\\/\",\"https:\\\/\\\/fr.nextdoor.com\\\/business-profile\\\/preview\\\/?init_source=profile_switcher&active_page_id=17592218467546&profile_id=17592206743048\"]}]}<\/script>\n<!-- \/ Yoast SEO plugin. -->","yoast_head_json":{"title":"Les tarifs de notre association reste stable et tr\u00e8s comp\u00e9titifs","description":"Des tarifs d\u00e9gressifs en fonction des nombre de cours, plus vous prolongerez votre investissement plus il sera int\u00e9ressant.","robots":{"index":"index","follow":"follow","max-snippet":"max-snippet:-1","max-image-preview":"max-image-preview:large","max-video-preview":"max-video-preview:-1"},"canonical":"https:\/\/yogavilla.fr\/index.php\/profitez-dune-inscription-a-lannee-pour-beneficier-des-meilleures-offres\/","og_locale":"fr_FR","og_type":"article","og_title":"Les tarifs de notre association reste stable et tr\u00e8s comp\u00e9titifs","og_description":"Des tarifs d\u00e9gressifs en fonction des nombre de cours, plus vous prolongerez votre investissement plus il sera int\u00e9ressant.","og_url":"https:\/\/yogavilla.fr\/index.php\/profitez-dune-inscription-a-lannee-pour-beneficier-des-meilleures-offres\/","og_site_name":"YOGA VILLA","article_publisher":"https:\/\/www.facebook.com\/YogalArcMiraculeux\/","article_modified_time":"2026-04-02T16:22:05+00:00","og_image":[{"width":2560,"height":1440,"url":"https:\/\/yogavilla.fr\/wp-content\/uploads\/2024\/07\/IMG_1387-2-scaled.jpg","type":"image\/jpeg"}],"twitter_card":"summary_large_image","twitter_site":"@POUGAULT2","twitter_misc":{"Dur\u00e9e de lecture estim\u00e9e":"2 minutes"},"schema":{"@context":"https:\/\/schema.org","@graph":[{"@type":"WebPage","@id":"https:\/\/yogavilla.fr\/index.php\/profitez-dune-inscription-a-lannee-pour-beneficier-des-meilleures-offres\/","url":"https:\/\/yogavilla.fr\/index.php\/profitez-dune-inscription-a-lannee-pour-beneficier-des-meilleures-offres\/","name":"Les tarifs de notre association reste stable et tr\u00e8s comp\u00e9titifs","isPartOf":{"@id":"https:\/\/yogavilla.fr\/#website"},"primaryImageOfPage":{"@id":"https:\/\/yogavilla.fr\/index.php\/profitez-dune-inscription-a-lannee-pour-beneficier-des-meilleures-offres\/#primaryimage"},"image":{"@id":"https:\/\/yogavilla.fr\/index.php\/profitez-dune-inscription-a-lannee-pour-beneficier-des-meilleures-offres\/#primaryimage"},"thumbnailUrl":"https:\/\/yogavilla.fr\/wp-content\/uploads\/2024\/07\/IMG_1387-2-scaled.jpg","datePublished":"2018-07-20T17:46:37+00:00","dateModified":"2026-04-02T16:22:05+00:00","description":"Des tarifs d\u00e9gressifs en fonction des nombre de cours, plus vous prolongerez votre investissement plus il sera int\u00e9ressant.","breadcrumb":{"@id":"https:\/\/yogavilla.fr\/index.php\/profitez-dune-inscription-a-lannee-pour-beneficier-des-meilleures-offres\/#breadcrumb"},"inLanguage":"fr-FR","potentialAction":[{"@type":"ReadAction","target":["https:\/\/yogavilla.fr\/index.php\/profitez-dune-inscription-a-lannee-pour-beneficier-des-meilleures-offres\/"]}]},{"@type":"ImageObject","inLanguage":"fr-FR","@id":"https:\/\/yogavilla.fr\/index.php\/profitez-dune-inscription-a-lannee-pour-beneficier-des-meilleures-offres\/#primaryimage","url":"https:\/\/yogavilla.fr\/wp-content\/uploads\/2024\/07\/IMG_1387-2-scaled.jpg","contentUrl":"https:\/\/yogavilla.fr\/wp-content\/uploads\/2024\/07\/IMG_1387-2-scaled.jpg","width":2560,"height":1440},{"@type":"BreadcrumbList","@id":"https:\/\/yogavilla.fr\/index.php\/profitez-dune-inscription-a-lannee-pour-beneficier-des-meilleures-offres\/#breadcrumb","itemListElement":[{"@type":"ListItem","position":1,"name":"Accueil","item":"https:\/\/yogavilla.fr\/"},{"@type":"ListItem","position":2,"name":"Les tarifs"}]},{"@type":"WebSite","@id":"https:\/\/yogavilla.fr\/#website","url":"https:\/\/yogavilla.fr\/","name":"yogavilla.fr","description":"Donner du pouvoir \u00e0 sa vie","publisher":{"@id":"https:\/\/yogavilla.fr\/#organization"},"potentialAction":[{"@type":"SearchAction","target":{"@type":"EntryPoint","urlTemplate":"https:\/\/yogavilla.fr\/?s={search_term_string}"},"query-input":{"@type":"PropertyValueSpecification","valueRequired":true,"valueName":"search_term_string"}}],"inLanguage":"fr-FR"},{"@type":"Organization","@id":"https:\/\/yogavilla.fr\/#organization","name":"YOGA VILLA","alternateName":"L'Arc Miraculeux","url":"https:\/\/yogavilla.fr\/","logo":{"@type":"ImageObject","inLanguage":"fr-FR","@id":"https:\/\/yogavilla.fr\/#\/schema\/logo\/image\/","url":"https:\/\/yogavilla.fr\/wp-content\/uploads\/2025\/07\/cropped-5-1.png","contentUrl":"https:\/\/yogavilla.fr\/wp-content\/uploads\/2025\/07\/cropped-5-1.png","width":248,"height":248,"caption":"YOGA VILLA"},"image":{"@id":"https:\/\/yogavilla.fr\/#\/schema\/logo\/image\/"},"sameAs":["https:\/\/www.facebook.com\/YogalArcMiraculeux\/","https:\/\/x.com\/POUGAULT2","https:\/\/www.instagram.com\/yogavilla33\/?hl=fr","https:\/\/www.linkedin.com\/company\/yoga-villa-33\/","https:\/\/fr.nextdoor.com\/business-profile\/preview\/?init_source=profile_switcher&active_page_id=17592218467546&profile_id=17592206743048"]}]}},"_links":{"self":[{"href":"https:\/\/yogavilla.fr\/index.php\/wp-json\/wp\/v2\/pages\/77","targetHints":{"allow":["GET"]}}],"collection":[{"href":"https:\/\/yogavilla.fr\/index.php\/wp-json\/wp\/v2\/pages"}],"about":[{"href":"https:\/\/yogavilla.fr\/index.php\/wp-json\/wp\/v2\/types\/page"}],"author":[{"embeddable":true,"href":"https:\/\/yogavilla.fr\/index.php\/wp-json\/wp\/v2\/users\/1"}],"replies":[{"embeddable":true,"href":"https:\/\/yogavilla.fr\/index.php\/wp-json\/wp\/v2\/comments?post=77"}],"version-history":[{"count":157,"href":"https:\/\/yogavilla.fr\/index.php\/wp-json\/wp\/v2\/pages\/77\/revisions"}],"predecessor-version":[{"id":2786,"href":"https:\/\/yogavilla.fr\/index.php\/wp-json\/wp\/v2\/pages\/77\/revisions\/2786"}],"wp:featuredmedia":[{"embeddable":true,"href":"https:\/\/yogavilla.fr\/index.php\/wp-json\/wp\/v2\/media\/2173"}],"wp:attachment":[{"href":"https:\/\/yogavilla.fr\/index.php\/wp-json\/wp\/v2\/media?parent=77"}],"curies":[{"name":"wp","href":"https:\/\/api.w.org\/{rel}","templated":true}]}}