{"id":82,"date":"2018-07-19T19:49:11","date_gmt":"2018-07-19T17:49:11","guid":{"rendered":"http:\/\/yogalarcmiraculeux.com\/?page_id=82"},"modified":"2026-01-03T16:33:10","modified_gmt":"2026-01-03T15:33:10","slug":"contact","status":"publish","type":"page","link":"https:\/\/yogavilla.fr\/index.php\/contact\/","title":{"rendered":"Contactez-nous"},"content":{"rendered":"\n<p class=\"has-text-align-center has-light-blue-background-color has-background has-medium-font-size\">Laissez-nous votre message pour r\u00e9server votre s\u00e9ance ou vous abonner \u00e0 la newsletter !<\/p>\n\n\n\n<p class=\"has-text-align-center has-light-blue-background-color has-background has-medium-font-size\"> \ud83d\udcde 06 14 15 00 31 <\/p>\n\n\n\n<p class=\"has-text-align-center has-light-blue-background-color has-background has-medium-font-size\">\u2709\ufe0f lamkybooste@gmail.com<\/p>\n\n\n\n<p class=\"has-text-align-center has-light-blue-background-color has-background has-medium-font-size\">\ud83c\udfe1 42 Rue Joseph P\u00e9r\u00e8s 33110 Le Bouscat<\/p>\n\n\n\n<hr class=\"wp-block-separator has-alpha-channel-opacity is-style-wide\"\/>\n\n\n\n<h1 class=\"wp-block-heading\">Vos avis<\/h1>\n\n\n\n<blockquote class=\"wp-block-quote is-layout-flow wp-block-quote-is-layout-flow\">\n<p>Tr\u00e8s belle rencontre il y a plusieurs ann\u00e9es pour moi avec le kundalini Yoga. Les cours sont diff\u00e9rents chaque semaine, en plus ils sont adaptables selon les fluctuations des emplois du temps professionnel. A l&rsquo;\u00e9coute, Tr\u00e8s professionnel . On est en petit comit\u00e9, avec une attention bienveillante. On n&rsquo;attend pas de nous la posture parfaite, on apprend \u00e0 faire de son mieux en s&rsquo;am\u00e9liorant \u00e0 chaque cours. Je recommande grandement<\/p>\n<cite>KH<\/cite><\/blockquote>\n\n\n\n<blockquote class=\"wp-block-quote is-layout-flow wp-block-quote-is-layout-flow\">\n<p>Merci pour votre bienveillance, patience et douceur, j&rsquo;ai aim\u00e9 vos cours, comme votre personnalit\u00e9, Bel \u00e9t\u00e9 et vivement la rentr\u00e9e ! <\/p>\n<cite>MPB<\/cite><\/blockquote>\n\n\n\n<blockquote class=\"wp-block-quote is-layout-flow wp-block-quote-is-layout-flow\">\n<p><span style=\"caret-color: #000000; font-family: system-ui, -apple-system, BlinkMacSystemFont, HelveticaNeue,;\">Je pratique le yoga depuis 2 ans avec Guillemette de villa yoga le Bouscat.<br>Super prof lieu hyper chaleureux je recommande vivement. <\/span><\/p>\n<cite>Patricia O.<\/cite><\/blockquote>\n\n\n\n<blockquote class=\"wp-block-quote is-layout-flow wp-block-quote-is-layout-flow\">\n<p><span style=\"caret-color: #000000; font-family: system-ui, -apple-system, BlinkMacSystemFont, HelveticaNeue,;\">j&rsquo;adore ce centre de yoga! je le recommande absolument &#8211; pour la qualit\u00e9 de l&rsquo;enseignement, l&rsquo;ambiance et la personnalit\u00e9 de la prof &#8211; Guillemette!<\/span> <\/p>\n<cite>Yana P.<\/cite><\/blockquote>\n\n\n\n<blockquote class=\"wp-block-quote is-layout-flow wp-block-quote-is-layout-flow\">\n<p>Faites du yoga Kundalini. Bienfaits du corps et de l&rsquo;esprit. J&rsquo;arrive fatigu\u00e9e limite \u00e0 ne pas venir et je repars requinqu\u00e9, pleine d&rsquo;\u00e9nergie, avec un esprit clair. Exercices physiques, de respirations, de m\u00e9ditations chant\u00e9es. Tout \u00e7a transmis par notre super professeur Guillemette. <\/p>\n<cite>Martine S.<\/cite><\/blockquote>\n\n\n\n<blockquote class=\"wp-block-quote is-layout-flow wp-block-quote-is-layout-flow\">\n<p>Bienveillance et partage sont les ma\u00eetres mots. On y passe un moment chacun \u00e0 son rythme et sans jugement. On ressort \u201cbien\u201d, tr\u00e8s bien de ces ateliers. Merci !<\/p>\n<cite>Chlo\u00e9 L.<\/cite><\/blockquote>\n\n\n\n<blockquote class=\"wp-block-quote is-layout-flow wp-block-quote-is-layout-flow\">\n<p>S\u00e9r\u00e9nit\u00e9 et bienveillance sont les ma\u00eetres mots de ces cours.<\/p>\n<cite>B\u00e9atrice R.<\/cite><\/blockquote>\n\n\n\n<blockquote class=\"wp-block-quote is-layout-flow wp-block-quote-is-layout-flow\">\n<p>Il n\u2019y a aucune obligation car chacun fait de son mieux, \u00ab avec le corps qu\u2019il a \u00bb. Un pur bonheur, un bien-\u00eatre sans nom ! B.R.<\/p>\n<cite>Bernadette R.<\/cite><\/blockquote>\n\n\n\n<blockquote class=\"wp-block-quote is-layout-flow wp-block-quote-is-layout-flow\">\n<p>Merci Guillemette de nous permettre de continuer la pratique, c&rsquo;est un moment tellement intense et important.<\/p>\n\n\n\n<p>Sat Nam<\/p>\n<cite>Corine G.<\/cite><\/blockquote>\n","protected":false},"excerpt":{"rendered":"<p>Laissez-nous votre message pour r\u00e9server votre s\u00e9ance ou vous abonner \u00e0 la newsletter ! \ud83d\udcde 06 14 15 00 31 \u2709\ufe0f lamkybooste@gmail.com \ud83c\udfe1 42 Rue Joseph P\u00e9r\u00e8s 33110 Le Bouscat Vos avis Tr\u00e8s belle rencontre il y a plusieurs ann\u00e9es pour moi avec le kundalini Yoga. Les cours sont diff\u00e9rents chaque semaine, en plus ils &hellip; <a href=\"https:\/\/yogavilla.fr\/index.php\/contact\/\" class=\"more-link\">Continuer la lecture de <span class=\"screen-reader-text\">Contactez-nous<\/span><\/a><\/p>\n","protected":false},"author":1,"featured_media":0,"parent":0,"menu_order":5,"comment_status":"closed","ping_status":"closed","template":"","meta":{"two_page_speed":[],"footnotes":""},"class_list":["post-82","page","type-page","status-publish","hentry"],"yoast_head":"<!-- This site is optimized with the Yoast SEO plugin v27.3 - https:\/\/yoast.com\/product\/yoast-seo-wordpress\/ -->\n<title>Contactez-nous - YOGA VILLA<\/title>\n<meta name=\"robots\" content=\"index, follow, max-snippet:-1, max-image-preview:large, max-video-preview:-1\" \/>\n<link rel=\"canonical\" href=\"https:\/\/yogavilla.fr\/index.php\/contact\/\" \/>\n<meta property=\"og:locale\" content=\"fr_FR\" \/>\n<meta property=\"og:type\" content=\"article\" \/>\n<meta property=\"og:title\" content=\"Contactez-nous - YOGA VILLA\" \/>\n<meta property=\"og:url\" content=\"https:\/\/yogavilla.fr\/index.php\/contact\/\" \/>\n<meta property=\"og:site_name\" content=\"YOGA VILLA\" \/>\n<meta property=\"article:publisher\" content=\"https:\/\/www.facebook.com\/YogalArcMiraculeux\/\" \/>\n<meta property=\"article:modified_time\" content=\"2026-01-03T15:33:10+00:00\" \/>\n<meta property=\"og:image\" content=\"https:\/\/yogavilla.fr\/wp-content\/uploads\/2023\/07\/CD973272-0917-4267-BE44-831A6B4BF60A-scaled.jpg\" \/>\n\t<meta property=\"og:image:width\" content=\"2560\" \/>\n\t<meta property=\"og:image:height\" content=\"1399\" \/>\n\t<meta property=\"og:image:type\" content=\"image\/jpeg\" \/>\n<meta name=\"twitter:card\" content=\"summary_large_image\" \/>\n<meta name=\"twitter:site\" content=\"@POUGAULT2\" \/>\n<meta name=\"twitter:label1\" content=\"Dur\u00e9e de lecture estim\u00e9e\" \/>\n\t<meta name=\"twitter:data1\" content=\"2 minutes\" \/>\n<script type=\"application\/ld+json\" class=\"yoast-schema-graph\">{\"@context\":\"https:\\\/\\\/schema.org\",\"@graph\":[{\"@type\":\"WebPage\",\"@id\":\"https:\\\/\\\/yogavilla.fr\\\/index.php\\\/contact\\\/\",\"url\":\"https:\\\/\\\/yogavilla.fr\\\/index.php\\\/contact\\\/\",\"name\":\"Contactez-nous - YOGA VILLA\",\"isPartOf\":{\"@id\":\"https:\\\/\\\/yogavilla.fr\\\/#website\"},\"datePublished\":\"2018-07-19T17:49:11+00:00\",\"dateModified\":\"2026-01-03T15:33:10+00:00\",\"breadcrumb\":{\"@id\":\"https:\\\/\\\/yogavilla.fr\\\/index.php\\\/contact\\\/#breadcrumb\"},\"inLanguage\":\"fr-FR\",\"potentialAction\":[{\"@type\":\"ReadAction\",\"target\":[\"https:\\\/\\\/yogavilla.fr\\\/index.php\\\/contact\\\/\"]}]},{\"@type\":\"BreadcrumbList\",\"@id\":\"https:\\\/\\\/yogavilla.fr\\\/index.php\\\/contact\\\/#breadcrumb\",\"itemListElement\":[{\"@type\":\"ListItem\",\"position\":1,\"name\":\"Accueil\",\"item\":\"https:\\\/\\\/yogavilla.fr\\\/\"},{\"@type\":\"ListItem\",\"position\":2,\"name\":\"Contactez-nous\"}]},{\"@type\":\"WebSite\",\"@id\":\"https:\\\/\\\/yogavilla.fr\\\/#website\",\"url\":\"https:\\\/\\\/yogavilla.fr\\\/\",\"name\":\"yogavilla.fr\",\"description\":\"Donner du pouvoir \u00e0 sa vie\",\"publisher\":{\"@id\":\"https:\\\/\\\/yogavilla.fr\\\/#organization\"},\"potentialAction\":[{\"@type\":\"SearchAction\",\"target\":{\"@type\":\"EntryPoint\",\"urlTemplate\":\"https:\\\/\\\/yogavilla.fr\\\/?s={search_term_string}\"},\"query-input\":{\"@type\":\"PropertyValueSpecification\",\"valueRequired\":true,\"valueName\":\"search_term_string\"}}],\"inLanguage\":\"fr-FR\"},{\"@type\":\"Organization\",\"@id\":\"https:\\\/\\\/yogavilla.fr\\\/#organization\",\"name\":\"YOGA VILLA\",\"alternateName\":\"L'Arc Miraculeux\",\"url\":\"https:\\\/\\\/yogavilla.fr\\\/\",\"logo\":{\"@type\":\"ImageObject\",\"inLanguage\":\"fr-FR\",\"@id\":\"https:\\\/\\\/yogavilla.fr\\\/#\\\/schema\\\/logo\\\/image\\\/\",\"url\":\"https:\\\/\\\/yogavilla.fr\\\/wp-content\\\/uploads\\\/2025\\\/07\\\/cropped-5-1.png\",\"contentUrl\":\"https:\\\/\\\/yogavilla.fr\\\/wp-content\\\/uploads\\\/2025\\\/07\\\/cropped-5-1.png\",\"width\":248,\"height\":248,\"caption\":\"YOGA VILLA\"},\"image\":{\"@id\":\"https:\\\/\\\/yogavilla.fr\\\/#\\\/schema\\\/logo\\\/image\\\/\"},\"sameAs\":[\"https:\\\/\\\/www.facebook.com\\\/YogalArcMiraculeux\\\/\",\"https:\\\/\\\/x.com\\\/POUGAULT2\",\"https:\\\/\\\/www.instagram.com\\\/yogavilla33\\\/?hl=fr\",\"https:\\\/\\\/www.linkedin.com\\\/company\\\/yoga-villa-33\\\/\",\"https:\\\/\\\/fr.nextdoor.com\\\/business-profile\\\/preview\\\/?init_source=profile_switcher&active_page_id=17592218467546&profile_id=17592206743048\"]}]}<\/script>\n<!-- \/ Yoast SEO plugin. -->","yoast_head_json":{"title":"Contactez-nous - YOGA VILLA","robots":{"index":"index","follow":"follow","max-snippet":"max-snippet:-1","max-image-preview":"max-image-preview:large","max-video-preview":"max-video-preview:-1"},"canonical":"https:\/\/yogavilla.fr\/index.php\/contact\/","og_locale":"fr_FR","og_type":"article","og_title":"Contactez-nous - YOGA VILLA","og_url":"https:\/\/yogavilla.fr\/index.php\/contact\/","og_site_name":"YOGA VILLA","article_publisher":"https:\/\/www.facebook.com\/YogalArcMiraculeux\/","article_modified_time":"2026-01-03T15:33:10+00:00","og_image":[{"width":2560,"height":1399,"url":"https:\/\/yogavilla.fr\/wp-content\/uploads\/2023\/07\/CD973272-0917-4267-BE44-831A6B4BF60A-scaled.jpg","type":"image\/jpeg"}],"twitter_card":"summary_large_image","twitter_site":"@POUGAULT2","twitter_misc":{"Dur\u00e9e de lecture estim\u00e9e":"2 minutes"},"schema":{"@context":"https:\/\/schema.org","@graph":[{"@type":"WebPage","@id":"https:\/\/yogavilla.fr\/index.php\/contact\/","url":"https:\/\/yogavilla.fr\/index.php\/contact\/","name":"Contactez-nous - YOGA VILLA","isPartOf":{"@id":"https:\/\/yogavilla.fr\/#website"},"datePublished":"2018-07-19T17:49:11+00:00","dateModified":"2026-01-03T15:33:10+00:00","breadcrumb":{"@id":"https:\/\/yogavilla.fr\/index.php\/contact\/#breadcrumb"},"inLanguage":"fr-FR","potentialAction":[{"@type":"ReadAction","target":["https:\/\/yogavilla.fr\/index.php\/contact\/"]}]},{"@type":"BreadcrumbList","@id":"https:\/\/yogavilla.fr\/index.php\/contact\/#breadcrumb","itemListElement":[{"@type":"ListItem","position":1,"name":"Accueil","item":"https:\/\/yogavilla.fr\/"},{"@type":"ListItem","position":2,"name":"Contactez-nous"}]},{"@type":"WebSite","@id":"https:\/\/yogavilla.fr\/#website","url":"https:\/\/yogavilla.fr\/","name":"yogavilla.fr","description":"Donner du pouvoir \u00e0 sa vie","publisher":{"@id":"https:\/\/yogavilla.fr\/#organization"},"potentialAction":[{"@type":"SearchAction","target":{"@type":"EntryPoint","urlTemplate":"https:\/\/yogavilla.fr\/?s={search_term_string}"},"query-input":{"@type":"PropertyValueSpecification","valueRequired":true,"valueName":"search_term_string"}}],"inLanguage":"fr-FR"},{"@type":"Organization","@id":"https:\/\/yogavilla.fr\/#organization","name":"YOGA VILLA","alternateName":"L'Arc Miraculeux","url":"https:\/\/yogavilla.fr\/","logo":{"@type":"ImageObject","inLanguage":"fr-FR","@id":"https:\/\/yogavilla.fr\/#\/schema\/logo\/image\/","url":"https:\/\/yogavilla.fr\/wp-content\/uploads\/2025\/07\/cropped-5-1.png","contentUrl":"https:\/\/yogavilla.fr\/wp-content\/uploads\/2025\/07\/cropped-5-1.png","width":248,"height":248,"caption":"YOGA VILLA"},"image":{"@id":"https:\/\/yogavilla.fr\/#\/schema\/logo\/image\/"},"sameAs":["https:\/\/www.facebook.com\/YogalArcMiraculeux\/","https:\/\/x.com\/POUGAULT2","https:\/\/www.instagram.com\/yogavilla33\/?hl=fr","https:\/\/www.linkedin.com\/company\/yoga-villa-33\/","https:\/\/fr.nextdoor.com\/business-profile\/preview\/?init_source=profile_switcher&active_page_id=17592218467546&profile_id=17592206743048"]}]}},"_links":{"self":[{"href":"https:\/\/yogavilla.fr\/index.php\/wp-json\/wp\/v2\/pages\/82","targetHints":{"allow":["GET"]}}],"collection":[{"href":"https:\/\/yogavilla.fr\/index.php\/wp-json\/wp\/v2\/pages"}],"about":[{"href":"https:\/\/yogavilla.fr\/index.php\/wp-json\/wp\/v2\/types\/page"}],"author":[{"embeddable":true,"href":"https:\/\/yogavilla.fr\/index.php\/wp-json\/wp\/v2\/users\/1"}],"replies":[{"embeddable":true,"href":"https:\/\/yogavilla.fr\/index.php\/wp-json\/wp\/v2\/comments?post=82"}],"version-history":[{"count":40,"href":"https:\/\/yogavilla.fr\/index.php\/wp-json\/wp\/v2\/pages\/82\/revisions"}],"predecessor-version":[{"id":2751,"href":"https:\/\/yogavilla.fr\/index.php\/wp-json\/wp\/v2\/pages\/82\/revisions\/2751"}],"wp:attachment":[{"href":"https:\/\/yogavilla.fr\/index.php\/wp-json\/wp\/v2\/media?parent=82"}],"curies":[{"name":"wp","href":"https:\/\/api.w.org\/{rel}","templated":true}]}}